{"id":1331,"date":"2018-05-21T14:11:30","date_gmt":"2018-05-21T12:11:30","guid":{"rendered":"https:\/\/konko.pl\/konko\/park-maszynowy\/"},"modified":"2025-04-24T09:15:41","modified_gmt":"2025-04-24T07:15:41","slug":"park-maszynowy","status":"publish","type":"page","link":"https:\/\/konko.pl\/ru\/park-maszynowy\/","title":{"rendered":"\u041c\u0430\u0448\u0438\u043d\u043d\u044b\u0439 \u043f\u0430\u0440\u043a"},"content":{"rendered":"<p>[vc_row css_animation=&#187;&#187; row_type=&#187;row&#187; use_row_as_full_screen_section=&#187;no&#187; type=&#187;full_width&#187; angled_section=&#187;no&#187; text_align=&#187;left&#187; background_image_as_pattern=&#187;without_pattern&#187;][vc_column]\n\t\t\t<!-- START pageparkmaszynowy REVOLUTION SLIDER 6.6.10 --><p class=\"rs-p-wp-fix\"><\/p>\n\t\t\t<rs-module-wrap id=\"rev_slider_7_1_wrapper\" data-source=\"gallery\" style=\"visibility:hidden;background:transparent;padding:0;margin:0px auto;margin-top:0;margin-bottom:0;\">\n\t\t\t\t<rs-module id=\"rev_slider_7_1\" style=\"\" data-version=\"6.6.10\">\n\t\t\t\t\t<rs-slides style=\"overflow: hidden; position: absolute;\">\n\t\t\t\t\t\t<rs-slide style=\"position: absolute;\" data-key=\"rs-12\" data-title=\"Slide\" data-anim=\"adpr:false;\">\n\t\t\t\t\t\t\t<img decoding=\"async\" src=\"\/\/konko.pl\/wp-content\/plugins\/revslider\/public\/assets\/assets\/dummy.png\" alt=\"\" title=\"\u041c\u0430\u0448\u0438\u043d\u043d\u044b\u0439 \u043f\u0430\u0440\u043a\" class=\"rev-slidebg tp-rs-img rs-lazyload\" data-lazyload=\"\/\/konko.pl\/konko\/wp-content\/uploads\/2018\/06\/slider-park.jpg\" data-no-retina>\n<!--\n\t\t\t\t\t\t\t--><rs-layer\n\t\t\t\t\t\t\t\tid=\"slider-7-slide-12-layer-1\" \n\t\t\t\t\t\t\t\tdata-type=\"text\"\n\t\t\t\t\t\t\t\tdata-rsp_ch=\"on\"\n\t\t\t\t\t\t\t\tdata-xy=\"xo:50px;y:m;\"\n\t\t\t\t\t\t\t\tdata-text=\"s:80;l:80;fw:500;a:inherit;\"\n\t\t\t\t\t\t\t\tdata-padding=\"t:4;r:25;b:10;l:25;\"\n\t\t\t\t\t\t\t\tdata-frame_0=\"o:1;tp:600;\"\n\t\t\t\t\t\t\t\tdata-frame_0_sfx=\"se:blocktoright;\"\n\t\t\t\t\t\t\t\tdata-frame_1=\"tp:600;e:power4.inOut;sp:2000;sR:10;\"\n\t\t\t\t\t\t\t\tdata-frame_1_sfx=\"se:blocktoright;\"\n\t\t\t\t\t\t\t\tdata-frame_999=\"o:0;tp:600;st:w;sR:6990;\"\n\t\t\t\t\t\t\t\tstyle=\"z-index:5;background-color:#df0513;font-family:'Oswald';\"\n\t\t\t\t\t\t\t>Park&nbsp;maszynowy \n\t\t\t\t\t\t\t<\/rs-layer><!--\n-->\t\t\t\t\t\t<\/rs-slide>\n\t\t\t\t\t<\/rs-slides>\n\t\t\t\t<\/rs-module>\n\t\t\t\t<script>\n\t\t\t\t\tsetREVStartSize({c: 'rev_slider_7_1',rl:[1240,1024,778,778],el:[],gw:[1240,1024,778,778],gh:[300,300,300,300],type:'standard',justify:'',layout:'fullwidth',mh:\"0\"});if (window.RS_MODULES!==undefined && window.RS_MODULES.modules!==undefined && window.RS_MODULES.modules[\"revslider71\"]!==undefined) {window.RS_MODULES.modules[\"revslider71\"].once = false;window.revapi7 = undefined;if (window.RS_MODULES.checkMinimal!==undefined) window.RS_MODULES.checkMinimal()}\n\t\t\t\t<\/script>\n\t\t\t<\/rs-module-wrap>\n\t\t\t<!-- END REVOLUTION SLIDER -->\n[\/vc_column][\/vc_row][vc_row css_animation=&#187;&#187; row_type=&#187;row&#187; use_row_as_full_screen_section=&#187;no&#187; type=&#187;grid&#187; angled_section=&#187;no&#187; text_align=&#187;left&#187; background_image_as_pattern=&#187;without_pattern&#187; z_index=&#187;&#187; el_class=&#187;padding-lg section-park-lista&#187;][vc_column][vc_row_inner row_type=&#187;row&#187; type=&#187;full_width&#187; text_align=&#187;left&#187; css_animation=&#187;&#187; el_class=&#187;padding-sm&#187;][vc_column_inner][vc_column_text]<\/p>\n<ul>\n<li><strong>\u0420\u043e\u0431\u043e\u0442\u0438\u0437\u0438\u0440\u043e\u0432\u0430\u043d\u043d\u044b\u0439 \u0441\u0442\u0430\u043d\u043e\u043a<\/strong> \u0433\u0430\u0437\u043e\u0432\u043e\u0439 \u0440\u0435\u0437\u043a\u0438 \u0444\u0430\u0441\u043e\u043a &#8212;\u00a01 \u0448\u0442.<\/li>\n<li><strong>\u0421\u0422\u0410\u041d\u041e\u041a<\/strong> \u043f\u043b\u0430\u0437\u043c\u0435\u043d\u043d\u043e\u0439 \u0440\u0435\u0437\u043a\u0438 \u0441 \u0427\u041f\u0423 3D &#8212; 1 \u0448\u0442.<\/li>\n<li><strong>\u0421\u0422\u041e\u041b\u042b<\/strong> \u0434\u043b\u044f \u0441\u043d\u044f\u0442\u0438\u044f \u0444\u0430\u0441\u043e\u043a &#8212; 3 \u0448\u0442.<\/li>\n<li><strong>\u0413\u041e\u0420\u0415\u041b\u041a\u0410<\/strong> \u0433\u0430\u0437\u043e\u043a\u0438\u0441\u043b\u043e\u0440\u043e\u0434\u043d\u0430\u044f &#8212; 3 \u0441\u0442\u043e\u043b\u0430, \u043a\u0430\u0436\u0434\u044b\u0439 \u0441 4 \u0433\u043e\u0440\u0435\u043b\u043a\u0430\u043c\u0438<\/li>\n<li><strong>\u041f\u0420\u0415\u0421\u0421<\/strong> \u0433\u0438\u0434\u0440\u0430\u0432\u043b\u0438\u0447\u0435\u0441\u043a\u0438\u0439 360 \u0442 &#8212; 1\u0448\u0442, 140 \u0442 &#8212; 1\u0448\u0442.<\/li>\n<li><strong>\u041a\u0420\u0410\u041d<\/strong> \u043a\u043e\u0437\u043b\u043e\u0432\u043e\u0439 SWL 8\u00a0\u0448\u0442 (20 \u0442 &#8212; 1 \u0448\u0442., 10\u0442 &#8212; 2 \u0448\u0442., 8T &#8212;\u00a01 \u0448\u0442, 5T &#8212; 4\u00a0\u0448\u0442)<\/li>\n<li><strong>\u041a\u0420\u0410\u041d\u042b<\/strong> \u043a\u043e\u043d\u0441\u043e\u043b\u044c\u043d\u044b\u0435 SWL 19 \u0448\u0442 (2 \u0442 &#8212; 7 \u0448\u0442., 1T &#8212; 6\u00a0\u0448\u0442., 0,5T &#8212; 6\u00a0\u0448\u0442.)<\/li>\n<li><strong>\u0421\u0422\u0410\u041d\u041e\u041a<\/strong> \u0440\u0430\u0434\u0438\u0430\u043b\u044c\u043d\u043e-\u0441\u0432\u0435\u0440\u043b\u0438\u043b\u044c\u043d\u044b\u0439 &#8212; 3 \u0448\u0442.<\/li>\n<li><strong>\u0421\u0422\u0410\u041d\u041e\u041a<\/strong> \u043c\u0435\u0442\u0430\u043b\u043b\u043e\u0440\u0435\u0436\u0443\u0449\u0438\u0439 &#8212; 8 \u0448\u0442.<\/li>\n<li><strong>\u0410\u041f\u041f\u0410\u0420\u0410\u0422\u042b \u0421\u0412\u0410\u0420\u041e\u0427\u041d\u042b\u0415<\/strong> ESAB Essamig Aristo U-5000, EWM Phoenix 401 &#8212; 40 \u0448\u0442.<\/li>\n<\/ul>\n<p>[\/vc_column_text][\/vc_column_inner][\/vc_row_inner][vc_empty_space height=&#187;40&#8243;][vc_column_text]\u041a\u0440\u043e\u043c\u0435 \u0442\u043e\u0433\u043e:<\/p>\n<p><strong>\u0421\u0438\u0441\u0442\u0435\u043c\u0430 \u043c\u043e\u043d\u0438\u0442\u043e\u0440\u0438\u043d\u0433\u0430 \u043f\u0440\u043e\u0438\u0437\u0432\u043e\u0440\u0434\u0441\u0442\u0432\u0430<\/strong> &#8212; \u0441\u0438\u0441\u0442\u0435\u043c\u0430 \u043d\u0435\u043f\u0440\u0435\u0440\u044b\u0432\u043d\u043e\u0433\u043e \u043c\u043e\u043d\u0438\u0442\u043e\u0440\u0438\u043d\u0433\u0430 \u044d\u0444\u0444\u0435\u043a\u0442\u0438\u0432\u043d\u043e\u0441\u0442\u0438 \u0438 \u043a\u0430\u0447\u0435\u0441\u0442\u0432\u0430 \u043f\u0440\u043e\u0438\u0437\u0432\u043e\u0434\u0441\u0442\u0432\u0430,<\/p>\n<p><strong>\u041e\u0431\u043e\u0440\u0443\u0434\u043e\u0432\u0430\u043d\u0438\u0435 \u0434\u043b\u044f \u043a\u043e\u043d\u0442\u0440\u043e\u043b\u044f \u043a\u0430\u0447\u0435\u0441\u0442\u0432\u0430<\/strong> \u2013 \u0438\u0437\u043c\u0435\u0440\u0438\u0442\u0435\u043b\u0438 \u0441\u0432\u0430\u0440\u043d\u044b\u0445 \u0448\u0432\u043e\u0432, \u0443\u043b\u044c\u0442\u0440\u0430\u0437\u0432\u0443\u043a\u043e\u0432\u044b\u0435 \u0434\u0435\u0444\u0435\u043a\u0442\u043e\u0441\u043a\u043e\u043f\u044b Krautkramer USM35, \u043c\u0430\u0433\u043d\u0438\u0442\u043e\u0438\u0437\u043c\u0435\u0440\u0438\u0442\u0435\u043b\u044c\u043d\u044b\u0435 \u0443\u0441\u0442\u0430\u043d\u043e\u0432\u043a\u0438, \u0443\u043b\u044c\u0442\u0440\u0430\u0444\u0438\u043e\u043b\u0435\u0442\u043e\u0432\u044b\u0435 \u043b\u0430\u043c\u043f\u044b[\/vc_column_text][\/vc_column][\/vc_row][vc_row css_animation=&#187;&#187; row_type=&#187;row&#187; use_row_as_full_screen_section=&#187;no&#187; type=&#187;grid&#187; angled_section=&#187;no&#187; text_align=&#187;left&#187; background_image_as_pattern=&#187;without_pattern&#187; el_class=&#187;padding-lg background-gray-light section-park-large&#187; z_index=&#187;&#187;][vc_column][vc_row_inner row_type=&#187;row&#187; type=&#187;full_width&#187; text_align=&#187;left&#187; css_animation=&#187;&#187;][vc_column_inner width=&#187;1\/2&#8243;][vc_single_image image=&#187;771&#8243; img_size=&#187;800&#215;400&#8243; qode_css_animation=&#187;&#187;][vc_column_text]<strong>\u0420\u043e\u0431\u043e\u0442\u0438\u0437\u0438\u0440\u043e\u0432\u0430\u043d\u043d\u044b\u0439 \u0441\u0442\u0430\u043d\u043e\u043a \u0433\u0430\u0437\u043e\u0432\u043e\u0439 \u0440\u0435\u0437\u043a\u0438 \u0444\u0430\u0441\u043e\u043a<\/strong><br \/>\nx \u2013 5400, y &#8212; 2000[\/vc_column_text][\/vc_column_inner][vc_column_inner width=&#187;1\/2&#8243;][\/vc_column_inner][\/vc_row_inner][vc_row_inner row_type=&#187;row&#187; type=&#187;full_width&#187; text_align=&#187;left&#187; css_animation=&#187;&#187;][vc_column_inner width=&#187;1\/2&#8243;][vc_single_image image=&#187;429&#8243; img_size=&#187;800&#215;400&#8243; qode_css_animation=&#187;&#187;][vc_column_text]<strong>\u0411\u043e\u043b\u044c\u0448\u043e\u0439 \u0440\u0430\u0441\u0442\u043e\u0447\u043d\u044b\u0439 \u0441\u0442\u0430\u043d\u043e\u043a<\/strong><\/p>\n<p>x \u2013 4000, y &#8212; 2000, z \u2013 1000[\/vc_column_text][\/vc_column_inner][vc_column_inner width=&#187;1\/2&#8243;][vc_single_image image=&#187;445&#8243; img_size=&#187;800&#215;400&#8243; qode_css_animation=&#187;&#187;][vc_column_text]<strong>\u041c\u0430\u043b\u044b\u0439 \u0440\u0430\u0441\u0442\u043e\u0447\u043d\u044b\u0439 \u0441\u0442\u0430\u043d\u043e\u043a<\/strong><\/p>\n<p>x \u2013 1900, y &#8212; 1200, z \u2013 1000[\/vc_column_text][\/vc_column_inner][\/vc_row_inner][vc_row_inner row_type=&#187;row&#187; type=&#187;full_width&#187; text_align=&#187;left&#187; css_animation=&#187;&#187;][vc_column_inner width=&#187;1\/2&#8243;][vc_single_image image=&#187;431&#8243; img_size=&#187;800&#215;400&#8243; qode_css_animation=&#187;&#187;][vc_column_text]<strong>\u0421\u0442\u0430\u043d\u043e\u043a \u043f\u043b\u0430\u0437\u043c\u0435\u043d\u043d\u043e\u0439 \u0440\u0435\u0437\u043a\u0438 \u0441 \u0427\u041f\u0423 3D<\/strong>[\/vc_column_text][\/vc_column_inner][vc_column_inner width=&#187;1\/2&#8243;][vc_single_image image=&#187;430&#8243; img_size=&#187;800&#215;400&#8243; qode_css_animation=&#187;&#187;][vc_column_text]<strong>\u0421\u0442\u0430\u043d\u043e\u043a \u0434\u043b\u044f \u0433\u0430\u0437\u043e\u0432\u043e\u0439 \u0440\u0435\u0437\u043a\u0438 \u0441 \u0427\u041f\u0423<\/strong><\/p>\n<p>3500 x 30000[\/vc_column_text][\/vc_column_inner][\/vc_row_inner][vc_row_inner row_type=&#187;row&#187; type=&#187;full_width&#187; text_align=&#187;left&#187; css_animation=&#187;&#187;][vc_column_inner width=&#187;1\/2&#8243;][vc_single_image image=&#187;435&#8243; img_size=&#187;800&#215;400&#8243; qode_css_animation=&#187;&#187;][vc_column_text]<strong>\u0421\u0432\u0430\u0440\u043e\u0447\u043d\u044b\u0439 \u043f\u043e\u043b\u0443\u0430\u0432\u0442\u043e\u043c\u0430\u0442<\/strong>[\/vc_column_text][\/vc_column_inner][vc_column_inner width=&#187;1\/2&#8243;][vc_single_image image=&#187;434&#8243; img_size=&#187;800&#215;400&#8243; qode_css_animation=&#187;&#187;][vc_column_text]<strong>\u041c\u0435\u0442\u0430\u043b\u043b\u043e\u0440\u0435\u0436\u0443\u0449\u0438\u0439 \u0441\u0442\u0430\u043d\u043e\u043a<\/strong>[\/vc_column_text][\/vc_column_inner][\/vc_row_inner][vc_row_inner row_type=&#187;row&#187; type=&#187;full_width&#187; text_align=&#187;left&#187; css_animation=&#187;&#187;][vc_column_inner width=&#187;1\/2&#8243;][vc_single_image image=&#187;436&#8243; img_size=&#187;800&#215;400&#8243; qode_css_animation=&#187;&#187;][vc_column_text]<strong>\u041b\u0435\u043d\u0442\u043e\u0447\u043d\u0430\u044f \u043f\u0438\u043b\u0430<\/strong>[\/vc_column_text][\/vc_column_inner][vc_column_inner width=&#187;1\/2&#8243;][vc_single_image image=&#187;439&#8243; img_size=&#187;800&#215;400&#8243; qode_css_animation=&#187;&#187;][vc_column_text]<strong>\u0420\u0430\u0434\u0438\u0430\u043b\u044c\u043d\u043e-\u0441\u0432\u0435\u0440\u043b\u0438\u043b\u044c\u043d\u044b\u0439 \u0441\u0442\u0430\u043d\u043e\u043a<\/strong>[\/vc_column_text][\/vc_column_inner][\/vc_row_inner][vc_row_inner row_type=&#187;row&#187; type=&#187;full_width&#187; text_align=&#187;left&#187; css_animation=&#187;&#187;][vc_column_inner width=&#187;1\/2&#8243;][vc_single_image image=&#187;450&#8243; img_size=&#187;800&#215;400&#8243; qode_css_animation=&#187;&#187;][vc_column_text]<strong>\u0422\u043e\u043a\u0430\u0440\u043d\u044b\u0439 \u0441\u0442\u0430\u043d\u043e\u043a<\/strong>[\/vc_column_text][\/vc_column_inner][vc_column_inner width=&#187;1\/2&#8243;][vc_single_image image=&#187;448&#8243; img_size=&#187;800&#215;400&#8243; qode_css_animation=&#187;&#187;][vc_column_text]<strong>\u0421\u0442\u043e\u043b \u0434\u043b\u044f \u0441\u043d\u044f\u0442\u0438\u044f \u0444\u0430\u0441\u043e\u043a<\/strong>[\/vc_column_text][\/vc_column_inner][\/vc_row_inner][vc_row_inner row_type=&#187;row&#187; type=&#187;full_width&#187; text_align=&#187;left&#187; css_animation=&#187;&#187;][vc_column_inner width=&#187;1\/2&#8243;][vc_single_image image=&#187;446&#8243; img_size=&#187;800&#215;400&#8243; qode_css_animation=&#187;&#187;][vc_column_text]<strong>\u0413\u0438\u0434\u0440\u0430\u0432\u043b\u0438\u0447\u0435\u0441\u043a\u0438\u0439 \u043f\u0440\u0435\u0441\u0441<\/strong><\/p>\n<p>360T[\/vc_column_text][\/vc_column_inner][vc_column_inner width=&#187;1\/2&#8243;][vc_single_image image=&#187;447&#8243; img_size=&#187;800&#215;400&#8243; qode_css_animation=&#187;&#187;][vc_column_text]<strong>\u0413\u0438\u0434\u0440\u0430\u0432\u043b\u0438\u0447\u0435\u0441\u043a\u0438\u0439 \u043f\u0440\u0435\u0441\u0441<\/strong><\/p>\n<p>140T[\/vc_column_text][\/vc_column_inner][\/vc_row_inner][vc_row_inner row_type=&#187;row&#187; type=&#187;full_width&#187; text_align=&#187;left&#187; css_animation=&#187;&#187;][vc_column_inner width=&#187;1\/2&#8243;][vc_single_image image=&#187;438&#8243; img_size=&#187;800&#215;400&#8243; qode_css_animation=&#187;&#187;][vc_column_text]<strong>\u041a\u043e\u0437\u043b\u043e\u0432\u043e\u0439 \u043a\u0440\u0430\u043d<\/strong><\/p>\n<p>SWL &#8212; 20T, hak H &#8212; 6m[\/vc_column_text][\/vc_column_inner][vc_column_inner width=&#187;1\/2&#8243;][vc_single_image image=&#187;437&#8243; img_size=&#187;800&#215;400&#8243; qode_css_animation=&#187;&#187;][vc_column_text]<strong>\u041a\u043e\u0437\u043b\u043e\u0432\u043e\u0439 \u043a\u0440\u0430\u043d<\/strong><\/p>\n<p>5T[\/vc_column_text][\/vc_column_inner][\/vc_row_inner][vc_row_inner row_type=&#187;row&#187; type=&#187;full_width&#187; text_align=&#187;left&#187; css_animation=&#187;&#187;][vc_column_inner width=&#187;1\/2&#8243;][vc_single_image image=&#187;441&#8243; img_size=&#187;800&#215;400&#8243; qode_css_animation=&#187;&#187;][vc_column_text]<strong>\u041a\u043e\u043d\u0441\u043e\u043b\u044c\u043d\u044b\u0439 \u043a\u0440\u0430\u043d<\/strong><\/p>\n<p>5T[\/vc_column_text][\/vc_column_inner][vc_column_inner width=&#187;1\/2&#8243;][vc_single_image image=&#187;449&#8243; img_size=&#187;800&#215;400&#8243; qode_css_animation=&#187;&#187;][vc_column_text]<strong>\u0414\u0440\u043e\u0431\u0435\u0441\u0442\u0440\u0443\u0439\u043d\u0430\u044f \u043c\u0430\u0448\u0438\u043d\u0430<\/strong>[\/vc_column_text][\/vc_column_inner][\/vc_row_inner][\/vc_column][\/vc_row][vc_row css_animation=&#187;&#187; row_type=&#187;row&#187; use_row_as_full_screen_section=&#187;no&#187; type=&#187;full_width&#187; angled_section=&#187;no&#187; text_align=&#187;left&#187; background_image_as_pattern=&#187;without_pattern&#187; el_class=&#187;section-o-nas&#187; z_index=&#187;&#187;][vc_column width=&#187;1\/2&#8243; el_class=&#187;box-left box-mozliwosci&#187;][vc_column_text]<\/p>\n<h2>\u0432\u043e\u0437\u043c\u043e\u0436\u043d\u043e\u0441\u0442\u0438:<\/h2>\n<ul>\n<li>6000 \u043c<sup>2<\/sup> \u043f\u043b\u043e\u0449\u0430\u0434\u0438 \u0437\u0430\u0432\u043e\u0434\u0430<\/li>\n<li>12000 \u0442\u043e\u043d\u043d \u043c\u0435\u0442\u0430\u043b\u043b\u043e\u043a\u043e\u043d\u0441\u0442\u0440\u0443\u043a\u0446\u0438\u0439 \u0432 \u0433\u043e\u0434<\/li>\n<li>200 \u0442\u0435\u0445\u043d\u0438\u0447\u0435\u0441\u043a\u0438\u0445 \u0441\u043e\u0442\u0440\u0443\u0434\u043d\u0438\u043a\u043e\u0432<\/li>\n<li>40 \u0441\u0432\u0430\u0440\u043e\u0447\u043d\u044b\u0445 \u0441\u0442\u0430\u043d\u0446\u0438\u0439<\/li>\n<li>15 \u0441\u0431\u043e\u0440\u043e\u0447\u043d\u044b\u0445 \u0441\u0442\u0430\u043d\u0446\u0438\u0439<\/li>\n<li>4 \u043f\u0440\u043e\u0438\u0437\u0432\u043e\u0434\u0441\u0442\u0432\u0435\u043d\u043d\u044b\u0445 \u0446\u0435\u0445\u0430<\/li>\n<\/ul>\n<p>[\/vc_column_text][\/vc_column][vc_column width=&#187;1\/2&#8243; el_class=&#187;box-cta&#187;][vc_column_text]<\/p>\n<h3>Serdecznie zapraszamy do wsp\u00f3\u0142pracy<\/h3>\n<p>[\/vc_column_text]<a  itemprop=\"url\" href=\"https:\/\/konko.pl\/konko\/kontakt\/\" target=\"_self\"  class=\"qbutton  large enlarge\" style=\"\">Skontaktuj si\u0119 z nami<\/a>[\/vc_column][\/vc_row]<\/p>\n","protected":false},"excerpt":{"rendered":"<p>[vc_row css_animation=&#187;&#187; row_type=&#187;row&#187; use_row_as_full_screen_section=&#187;no&#187; type=&#187;full_width&#187; angled_section=&#187;no&#187; text_align=&#187;left&#187; background_image_as_pattern=&#187;without_pattern&#187;][vc_column][\/vc_column][\/vc_row][vc_row css_animation=&#187;&#187; row_type=&#187;row&#187; use_row_as_full_screen_section=&#187;no&#187; type=&#187;grid&#187; angled_section=&#187;no&#187; text_align=&#187;left&#187; background_image_as_pattern=&#187;without_pattern&#187; z_index=&#187;&#187; el_class=&#187;padding-lg section-park-lista&#187;][vc_column][vc_row_inner row_type=&#187;row&#187; type=&#187;full_width&#187; text_align=&#187;left&#187; css_animation=&#187;&#187; el_class=&#187;padding-sm&#187;][vc_column_inner][vc_column_text] \u0420\u043e\u0431\u043e\u0442\u0438\u0437\u0438\u0440\u043e\u0432\u0430\u043d\u043d\u044b\u0439 \u0441\u0442\u0430\u043d\u043e\u043a \u0433\u0430\u0437\u043e\u0432\u043e\u0439 \u0440\u0435\u0437\u043a\u0438 \u0444\u0430\u0441\u043e\u043a &#8212;\u00a01 \u0448\u0442&#8230;.<\/p>\n","protected":false},"author":7,"featured_media":0,"parent":0,"menu_order":3,"comment_status":"closed","ping_status":"closed","template":"full_width.php","meta":{"inline_featured_image":false,"footnotes":""},"class_list":["post-1331","page","type-page","status-publish","hentry"],"yoast_head":"<!-- This site is optimized with the Yoast SEO plugin v27.6 - https:\/\/yoast.com\/product\/yoast-seo-wordpress\/ -->\n<title>\u041c\u0430\u0448\u0438\u043d\u043d\u044b\u0439 \u043f\u0430\u0440\u043a - Konko S.A.<\/title>\n<meta name=\"description\" content=\"Firma posiada System Rejestracji Produkcji oraz Urz\u0105dzenia Kontroli Jako\u015bci. Na park maszynowy sk\u0142adaj\u0105 si\u0119: m.in. Wytaczarki, wypalarka plazmowa 3D, wyplarka gazowa, p\u00f3\u0142automat spawalniczy MAG, obrabiarka, przecinarka ta\u015bmowa, przecinarka ta\u015bmowa, suwnica, tokarka, st\u00f3\u0142 do ukosowania, prasy hydrauliczne i inne.\" \/>\n<meta name=\"robots\" content=\"index, follow, max-snippet:-1, max-image-preview:large, max-video-preview:-1\" \/>\n<link rel=\"canonical\" href=\"https:\/\/konko.pl\/ru\/park-maszynowy\/\" \/>\n<meta property=\"og:locale\" content=\"ru_RU\" \/>\n<meta property=\"og:type\" content=\"article\" \/>\n<meta property=\"og:title\" content=\"\u041c\u0430\u0448\u0438\u043d\u043d\u044b\u0439 \u043f\u0430\u0440\u043a - Konko S.A.\" \/>\n<meta property=\"og:description\" content=\"Firma posiada System Rejestracji Produkcji oraz Urz\u0105dzenia Kontroli Jako\u015bci. Na park maszynowy sk\u0142adaj\u0105 si\u0119: m.in. Wytaczarki, wypalarka plazmowa 3D, wyplarka gazowa, p\u00f3\u0142automat spawalniczy MAG, obrabiarka, przecinarka ta\u015bmowa, przecinarka ta\u015bmowa, suwnica, tokarka, st\u00f3\u0142 do ukosowania, prasy hydrauliczne i inne.\" \/>\n<meta property=\"og:url\" content=\"https:\/\/konko.pl\/ru\/park-maszynowy\/\" \/>\n<meta property=\"og:site_name\" content=\"Konko S.A.\" \/>\n<meta property=\"article:modified_time\" content=\"2025-04-24T07:15:41+00:00\" \/>\n<meta name=\"twitter:card\" content=\"summary_large_image\" \/>\n<meta name=\"twitter:label1\" content=\"\u041f\u0440\u0438\u043c\u0435\u0440\u043d\u043e\u0435 \u0432\u0440\u0435\u043c\u044f \u0434\u043b\u044f \u0447\u0442\u0435\u043d\u0438\u044f\" \/>\n\t<meta name=\"twitter:data1\" content=\"3 \u043c\u0438\u043d\u0443\u0442\u044b\" \/>\n<script type=\"application\/ld+json\" class=\"yoast-schema-graph\">{\"@context\":\"https:\\\/\\\/schema.org\",\"@graph\":[{\"@type\":\"WebPage\",\"@id\":\"https:\\\/\\\/konko.pl\\\/ru\\\/park-maszynowy\\\/\",\"url\":\"https:\\\/\\\/konko.pl\\\/ru\\\/park-maszynowy\\\/\",\"name\":\"\u041c\u0430\u0448\u0438\u043d\u043d\u044b\u0439 \u043f\u0430\u0440\u043a - Konko S.A.\",\"isPartOf\":{\"@id\":\"https:\\\/\\\/konko.pl\\\/#website\"},\"datePublished\":\"2018-05-21T12:11:30+00:00\",\"dateModified\":\"2025-04-24T07:15:41+00:00\",\"description\":\"Firma posiada System Rejestracji Produkcji oraz Urz\u0105dzenia Kontroli Jako\u015bci. Na park maszynowy sk\u0142adaj\u0105 si\u0119: m.in. Wytaczarki, wypalarka plazmowa 3D, wyplarka gazowa, p\u00f3\u0142automat spawalniczy MAG, obrabiarka, przecinarka ta\u015bmowa, przecinarka ta\u015bmowa, suwnica, tokarka, st\u00f3\u0142 do ukosowania, prasy hydrauliczne i inne.\",\"breadcrumb\":{\"@id\":\"https:\\\/\\\/konko.pl\\\/ru\\\/park-maszynowy\\\/#breadcrumb\"},\"inLanguage\":\"ru-RU\",\"potentialAction\":[{\"@type\":\"ReadAction\",\"target\":[\"https:\\\/\\\/konko.pl\\\/ru\\\/park-maszynowy\\\/\"]}]},{\"@type\":\"BreadcrumbList\",\"@id\":\"https:\\\/\\\/konko.pl\\\/ru\\\/park-maszynowy\\\/#breadcrumb\",\"itemListElement\":[{\"@type\":\"ListItem\",\"position\":1,\"name\":\"Strona g\u0142\u00f3wna\",\"item\":\"https:\\\/\\\/konko.pl\\\/ru\\\/\"},{\"@type\":\"ListItem\",\"position\":2,\"name\":\"\u041c\u0430\u0448\u0438\u043d\u043d\u044b\u0439 \u043f\u0430\u0440\u043a\"}]},{\"@type\":\"WebSite\",\"@id\":\"https:\\\/\\\/konko.pl\\\/#website\",\"url\":\"https:\\\/\\\/konko.pl\\\/\",\"name\":\"Konko S.A.\",\"description\":\"Kompleksowe rozwi\u0105zania dla przemys\u0142u g\u00f3rniczego\",\"publisher\":{\"@id\":\"https:\\\/\\\/konko.pl\\\/#organization\"},\"potentialAction\":[{\"@type\":\"SearchAction\",\"target\":{\"@type\":\"EntryPoint\",\"urlTemplate\":\"https:\\\/\\\/konko.pl\\\/?s={search_term_string}\"},\"query-input\":{\"@type\":\"PropertyValueSpecification\",\"valueRequired\":true,\"valueName\":\"search_term_string\"}}],\"inLanguage\":\"ru-RU\"},{\"@type\":\"Organization\",\"@id\":\"https:\\\/\\\/konko.pl\\\/#organization\",\"name\":\"KONKO S.A.\",\"url\":\"https:\\\/\\\/konko.pl\\\/\",\"logo\":{\"@type\":\"ImageObject\",\"inLanguage\":\"ru-RU\",\"@id\":\"https:\\\/\\\/konko.pl\\\/#\\\/schema\\\/logo\\\/image\\\/\",\"url\":\"https:\\\/\\\/konko.pl\\\/konko\\\/wp-content\\\/uploads\\\/2018\\\/05\\\/logo.png\",\"contentUrl\":\"https:\\\/\\\/konko.pl\\\/konko\\\/wp-content\\\/uploads\\\/2018\\\/05\\\/logo.png\",\"width\":109,\"height\":101,\"caption\":\"KONKO S.A.\"},\"image\":{\"@id\":\"https:\\\/\\\/konko.pl\\\/#\\\/schema\\\/logo\\\/image\\\/\"}}]}<\/script>\n<!-- \/ Yoast SEO plugin. -->","yoast_head_json":{"title":"\u041c\u0430\u0448\u0438\u043d\u043d\u044b\u0439 \u043f\u0430\u0440\u043a - Konko S.A.","description":"Firma posiada System Rejestracji Produkcji oraz Urz\u0105dzenia Kontroli Jako\u015bci. Na park maszynowy sk\u0142adaj\u0105 si\u0119: m.in. Wytaczarki, wypalarka plazmowa 3D, wyplarka gazowa, p\u00f3\u0142automat spawalniczy MAG, obrabiarka, przecinarka ta\u015bmowa, przecinarka ta\u015bmowa, suwnica, tokarka, st\u00f3\u0142 do ukosowania, prasy hydrauliczne i inne.","robots":{"index":"index","follow":"follow","max-snippet":"max-snippet:-1","max-image-preview":"max-image-preview:large","max-video-preview":"max-video-preview:-1"},"canonical":"https:\/\/konko.pl\/ru\/park-maszynowy\/","og_locale":"ru_RU","og_type":"article","og_title":"\u041c\u0430\u0448\u0438\u043d\u043d\u044b\u0439 \u043f\u0430\u0440\u043a - Konko S.A.","og_description":"Firma posiada System Rejestracji Produkcji oraz Urz\u0105dzenia Kontroli Jako\u015bci. Na park maszynowy sk\u0142adaj\u0105 si\u0119: m.in. Wytaczarki, wypalarka plazmowa 3D, wyplarka gazowa, p\u00f3\u0142automat spawalniczy MAG, obrabiarka, przecinarka ta\u015bmowa, przecinarka ta\u015bmowa, suwnica, tokarka, st\u00f3\u0142 do ukosowania, prasy hydrauliczne i inne.","og_url":"https:\/\/konko.pl\/ru\/park-maszynowy\/","og_site_name":"Konko S.A.","article_modified_time":"2025-04-24T07:15:41+00:00","twitter_card":"summary_large_image","twitter_misc":{"\u041f\u0440\u0438\u043c\u0435\u0440\u043d\u043e\u0435 \u0432\u0440\u0435\u043c\u044f \u0434\u043b\u044f \u0447\u0442\u0435\u043d\u0438\u044f":"3 \u043c\u0438\u043d\u0443\u0442\u044b"},"schema":{"@context":"https:\/\/schema.org","@graph":[{"@type":"WebPage","@id":"https:\/\/konko.pl\/ru\/park-maszynowy\/","url":"https:\/\/konko.pl\/ru\/park-maszynowy\/","name":"\u041c\u0430\u0448\u0438\u043d\u043d\u044b\u0439 \u043f\u0430\u0440\u043a - Konko S.A.","isPartOf":{"@id":"https:\/\/konko.pl\/#website"},"datePublished":"2018-05-21T12:11:30+00:00","dateModified":"2025-04-24T07:15:41+00:00","description":"Firma posiada System Rejestracji Produkcji oraz Urz\u0105dzenia Kontroli Jako\u015bci. Na park maszynowy sk\u0142adaj\u0105 si\u0119: m.in. Wytaczarki, wypalarka plazmowa 3D, wyplarka gazowa, p\u00f3\u0142automat spawalniczy MAG, obrabiarka, przecinarka ta\u015bmowa, przecinarka ta\u015bmowa, suwnica, tokarka, st\u00f3\u0142 do ukosowania, prasy hydrauliczne i inne.","breadcrumb":{"@id":"https:\/\/konko.pl\/ru\/park-maszynowy\/#breadcrumb"},"inLanguage":"ru-RU","potentialAction":[{"@type":"ReadAction","target":["https:\/\/konko.pl\/ru\/park-maszynowy\/"]}]},{"@type":"BreadcrumbList","@id":"https:\/\/konko.pl\/ru\/park-maszynowy\/#breadcrumb","itemListElement":[{"@type":"ListItem","position":1,"name":"Strona g\u0142\u00f3wna","item":"https:\/\/konko.pl\/ru\/"},{"@type":"ListItem","position":2,"name":"\u041c\u0430\u0448\u0438\u043d\u043d\u044b\u0439 \u043f\u0430\u0440\u043a"}]},{"@type":"WebSite","@id":"https:\/\/konko.pl\/#website","url":"https:\/\/konko.pl\/","name":"Konko S.A.","description":"Kompleksowe rozwi\u0105zania dla przemys\u0142u g\u00f3rniczego","publisher":{"@id":"https:\/\/konko.pl\/#organization"},"potentialAction":[{"@type":"SearchAction","target":{"@type":"EntryPoint","urlTemplate":"https:\/\/konko.pl\/?s={search_term_string}"},"query-input":{"@type":"PropertyValueSpecification","valueRequired":true,"valueName":"search_term_string"}}],"inLanguage":"ru-RU"},{"@type":"Organization","@id":"https:\/\/konko.pl\/#organization","name":"KONKO S.A.","url":"https:\/\/konko.pl\/","logo":{"@type":"ImageObject","inLanguage":"ru-RU","@id":"https:\/\/konko.pl\/#\/schema\/logo\/image\/","url":"https:\/\/konko.pl\/konko\/wp-content\/uploads\/2018\/05\/logo.png","contentUrl":"https:\/\/konko.pl\/konko\/wp-content\/uploads\/2018\/05\/logo.png","width":109,"height":101,"caption":"KONKO S.A."},"image":{"@id":"https:\/\/konko.pl\/#\/schema\/logo\/image\/"}}]}},"_links":{"self":[{"href":"https:\/\/konko.pl\/ru\/wp-json\/wp\/v2\/pages\/1331","targetHints":{"allow":["GET"]}}],"collection":[{"href":"https:\/\/konko.pl\/ru\/wp-json\/wp\/v2\/pages"}],"about":[{"href":"https:\/\/konko.pl\/ru\/wp-json\/wp\/v2\/types\/page"}],"author":[{"embeddable":true,"href":"https:\/\/konko.pl\/ru\/wp-json\/wp\/v2\/users\/7"}],"replies":[{"embeddable":true,"href":"https:\/\/konko.pl\/ru\/wp-json\/wp\/v2\/comments?post=1331"}],"version-history":[{"count":5,"href":"https:\/\/konko.pl\/ru\/wp-json\/wp\/v2\/pages\/1331\/revisions"}],"predecessor-version":[{"id":2844,"href":"https:\/\/konko.pl\/ru\/wp-json\/wp\/v2\/pages\/1331\/revisions\/2844"}],"wp:attachment":[{"href":"https:\/\/konko.pl\/ru\/wp-json\/wp\/v2\/media?parent=1331"}],"curies":[{"name":"wp","href":"https:\/\/api.w.org\/{rel}","templated":true}]}}