{"id":1108,"date":"2018-06-29T15:38:26","date_gmt":"2018-06-29T13:38:26","guid":{"rendered":"https:\/\/konko.pl\/konko\/polityka-cookies\/"},"modified":"2019-12-16T10:36:54","modified_gmt":"2019-12-16T09:36:54","slug":"polityka-cookies","status":"publish","type":"page","link":"https:\/\/konko.pl\/ru\/polityka-cookies\/","title":{"rendered":"Polityka cookies"},"content":{"rendered":"<p>Niniejsza Polityka dotyczy plik\u00f3w \u201ecookies\u201d i odnosi si\u0119 do strony internetowej pod aresem konko.pl<\/p>\n<h4>Czym s\u0105 pliki \u201ecookie\u201d?<\/h4>\n<p>Poprzez pliki \u201ecookies\u201d nale\u017cy rozumie\u0107 dane informatyczne, w szczeg\u00f3lno\u015bci pliki tekstowe, przechowywane w urz\u0105dzeniach ko\u0144cowych u\u017cytkownik\u00f3w przeznaczone do korzystania ze stron internetowych. Pliki te pozwalaj\u0105 rozpozna\u0107 urz\u0105dzenie u\u017cytkownika i odpowiednio wy\u015bwietli\u0107 stron\u0119 internetow\u0105 dostosowan\u0105 do jego indywidualnych preferencji. \u201eCookies\u201d zazwyczaj zawieraj\u0105 nazw\u0119 strony internetowej z kt\u00f3rej pochodz\u0105, czas przechowywania ich na urz\u0105dzeniu ko\u0144cowym oraz unikalny numer.<\/p>\n<h4>Do czego u\u017cywamy plik\u00f3w \u201ecookies\u201d?<\/h4>\n<p>Pliki \u201ecookies\u201d u\u017cywane s\u0105 w celu dostosowania zawarto\u015bci stron internetowych do preferencji u\u017cytkownika oraz optymalizacji korzystania ze stron internetowych. U\u017cywane s\u0105 r\u00f3wnie\u017c w celu tworzenia anonimowych statystyk, kt\u00f3re pomagaj\u0105 zrozumie\u0107 w jaki spos\u00f3b u\u017cytkownik korzysta ze strony internetowych co umo\u017cliwia ulepszanie jej struktury i zawarto\u015bci, z wy\u0142\u0105czeniem personalnej identyfikacji u\u017cytkownika.<\/p>\n<h4>Jakich plik\u00f3w \u201ecookies\u201d u\u017cywamy?<\/h4>\n<p>Stosowane s\u0105, co do zasady, dwa rodzaje plik\u00f3w \u201ecookies\u201d \u2013 \u201esesyjne\u201d oraz \u201esta\u0142e\u201d. Pierwsze z nich s\u0105 plikami tymczasowymi, kt\u00f3re pozostaj\u0105 na urz\u0105dzeniu u\u017cytkownika, a\u017c do wylogowania ze strony internetowej lub wy\u0142\u0105czenia oprogramowania (przegl\u0105darki internetowej). \u201eSta\u0142e\u201d pliki pozostaj\u0105 na urz\u0105dzeniu u\u017cytkownika przez czas okre\u015blony w parametrach plik\u00f3w \u201ecookies\u201d albo do momentu ich r\u0119cznego usuni\u0119cia przez u\u017cytkownika.<br \/>\nPliki \u201ecookies\u201d wykorzystywane przez partner\u00f3w operatora strony internetowej, w tym w szczeg\u00f3lno\u015bci u\u017cytkownik\u00f3w strony internetowej, podlegaj\u0105 ich w\u0142asnej polityce prywatno\u015bci.<\/p>\n<h4>Wyr\u00f3\u017cni\u0107 mo\u017cna szczeg\u00f3\u0142owy podzia\u0142 cookies, ze wzgl\u0119du na:<\/h4>\n<h5>A. RODZAJE COOKIES ZE WZGL\u0118DU NA NIEZB\u0118DNO\u015a\u0106 DO REALIZACJI US\u0141UGI<\/h5>\n<p><strong>Niezb\u0119dne<\/strong>\u00a0s\u0105 absolutnie niezb\u0119dne do prawid\u0142owego funkcjonowania witryny lub funkcjonalno\u015bci z kt\u00f3rych u\u017cytkownik chce skorzysta\u0107<br \/>\n<strong>Funkcjonalne<\/strong>\u00a0s\u0105 wa\u017cne dla dzia\u0142ania serwisu:<\/p>\n<ul>\n<li>s\u0142u\u017c\u0105 wzbogaceniu funkcjonalno\u015bci serwisu, bez nich serwis b\u0119dzie dzia\u0142a\u0142 poprawnie, jednak nie b\u0119dzie dostosowany do preferencji u\u017cytkownika,<\/li>\n<li>s\u0142u\u017c\u0105 zapewnieniu wysokiego poziomu funkcjonalno\u015bci serwisu, bez ustawie\u0144 zapisanych w pliku cookie mo\u017ce obni\u017cy\u0107 si\u0119 poziom funkcjonalno\u015bci witryny, ale nie powinna uniemo\u017cliwi\u0107 zupe\u0142nego korzystania z niej,<\/li>\n<li>s\u0142u\u017c\u0105 bardzo wa\u017cnym funkcjonalno\u015bciom serwisu, ich zablokowanie spowoduje, \u017ce wybrane funkcje nie b\u0119d\u0105 dzia\u0142a\u0107 prawid\u0142owo.<\/li>\n<\/ul>\n<p><strong>Biznesowe<\/strong>\u00a0umo\u017cliwiaj\u0105 realizacj\u0119 modelu biznesowego w oparciu o kt\u00f3ry udost\u0119pniona jest witryna, ich zablokowanie nie spowoduje niedost\u0119pno\u015bci ca\u0142o\u015bci funkcjonalno\u015bci serwisu ale mo\u017ce obni\u017cy\u0107 poziom \u015bwiadczenia us\u0142ugi ze wzgl\u0119du na brak mo\u017cliwo\u015bci realizacji przez w\u0142a\u015bciciela witryny przychod\u00f3w subsydiuj\u0105cych dzia\u0142anie serwisu. Do tej kategorii nale\u017c\u0105 np. cookies reklamowe.<\/p>\n<h5>B. ZE WZGL\u0118DU NA CZAS PRZEZ JAKI COOKIE B\u0118DZIE UMIESZCZONE W URZ\u0104DZENIU KO\u0143COWYM U\u017bYTKOWNIKA:<\/h5>\n<p><strong>Cookies tymczasowe<\/strong>\u00a0(session cookies) cookie umieszczone na czas korzystania z przegl\u0105darki (sesji), zostaje wykasowane po jej zamkni\u0119ciu<br \/>\n<strong>Cookies sta\u0142e<\/strong>\u00a0(persistent cookie) nie jest kasowane po zamkni\u0119ciu przegl\u0105darki i pozostaje w urz\u0105dzeniu u\u017cytkownika na okre\u015blony czas lub bez okresu wa\u017cno\u015bci w zale\u017cno\u015bci od ustawie\u0144 w\u0142a\u015bciciela witryny<\/p>\n<h5>C. ZE WZGL\u0118DU NA POCHODZENIE \u2013 ADMINISTRATORA SERWISU, KT\u00d3RY ZARZ\u0104DZA COOKIES:<\/h5>\n<p><strong>Cookie w\u0142asne<\/strong>\u00a0(first party cookie) cookie umieszczone bezpo\u015brednio przez w\u0142a\u015bciciela witryny jaka zosta\u0142a odwiedzona<br \/>\n<strong>Cookie zewn\u0119trzne<\/strong>\u00a0(tdird-party cookie) cookie umieszczone przez zewn\u0119trzne podmioty, kt\u00f3rych komponenty stron zosta\u0142y wywo\u0142ane przez w\u0142a\u015bciciela witryny<br \/>\nUwaga: cookie mog\u0105 by\u0107 wywo\u0142ane przez administratora za pomoc\u0105 skrypt\u00f3w, komponent\u00f3w, kt\u00f3re znajduj\u0105 si\u0119 na serwerach partnera, umiejscowionych w innej lokalizacji \u2013 innym kraju lub nawet zupe\u0142nie innym systemie prawnym. W przypadku wywo\u0142ania przez administratora witryny komponent\u00f3w serwisu pochodz\u0105cych spoza systemu administratora mog\u0105 obowi\u0105zywa\u0107 inne standardowe zasady polityki cookies ni\u017c polityka prywatno\u015bci \/ cookies administratora witryny.<\/p>\n<h5>D. ZE WZGL\u0118DU NA CEL JAKIEMU S\u0141U\u017b\u0104:<\/h5>\n<p><strong>Konfiguracji serwisu\u00a0<\/strong>umo\u017cliwiaj\u0105 ustawienia funkcji i us\u0142ug w serwisie<br \/>\n<strong>Bezpiecze\u0144stwo i niezawodno\u015b\u0107 serwisu<\/strong>\u00a0umo\u017cliwiaj\u0105 weryfikacj\u0119 autentyczno\u015bci oraz optymalizacj\u0119 wydajno\u015bci serwisu<br \/>\n<strong>Uwierzytelnianie<\/strong>\u00a0umo\u017cliwiaj\u0105 informowanie gdy u\u017cytkownik jest zalogowany, dzi\u0119ki czemu witryna mo\u017ce pokazywa\u0107 odpowiednie informacje i funkcje<br \/>\n<strong>Stan sesji<\/strong>\u00a0umo\u017cliwiaj\u0105 zapisywanie informacji o tym, jak u\u017cytkownicy korzystaj\u0105 z witryny. Mog\u0105 one dotyczy\u0107 najcz\u0119\u015bciej odwiedzanych stron lub ewentualnych komunikat\u00f3w o b\u0142\u0119dach wy\u015bwietlanych na niekt\u00f3rych stronach. Pliki cookie s\u0142u\u017c\u0105ce do zapisywania tzw. \u201estanu sesji\u201d pomagaj\u0105 ulepsza\u0107 us\u0142ugi i zwi\u0119ksza\u0107 komfort przegl\u0105dania stron.<br \/>\n<strong>Procesy<\/strong>\u00a0umo\u017cliwiaj\u0105 sprawne dzia\u0142anie samej witryny oraz dost\u0119pnych na niej funkcji<br \/>\n<strong>Reklamy<\/strong>\u00a0umo\u017cliwiaj\u0105 wy\u015bwietla\u0107 reklamy, kt\u00f3re s\u0105 bardziej interesuj\u0105ce dla u\u017cytkownik\u00f3w, a jednocze\u015bnie bardziej warto\u015bciowe dla wydawc\u00f3w i reklamodawc\u00f3w, personalizowa\u0107 reklamy, mog\u0105 by\u0107 u\u017cywane r\u00f3wnie\u017c do wy\u015bwietlania reklam poza stronami witryny (domeny)<br \/>\n<strong>Lokalizacja<\/strong>\u00a0umo\u017cliwiaj\u0105 dostosowanie wy\u015bwietlanych informacji do lokalizacji u\u017cytkownika<br \/>\n<strong>Analizy i badania, audyt ogl\u0105dalno\u015bci<\/strong>\u00a0umo\u017cliwiaj\u0105 w\u0142a\u015bcicielom witryn lepiej zrozumie\u0107 preferencje ich u\u017cytkownik\u00f3w i poprzez analiz\u0119 ulepsza\u0107 i rozwija\u0107 produkty i us\u0142ugi. Zazwyczaj w\u0142a\u015bciciel witryny lub firma badawcza zbiera anonimowo informacje i przetwarza dane na temat trend\u00f3w bez identyfikowania danych osobowych poszczeg\u00f3lnych u\u017cytkownik\u00f3w<\/p>\n<h5>E. RODZAJE COOKIES ZE WZGL\u0118DU NA INGERENCJ\u0118 W PRYWATNO\u015a\u0106 U\u017bYTKOWNIKA:<\/h5>\n<p><strong>Nieszkodliwe<\/strong>\u00a0Obejmuje cookies:<\/p>\n<ul>\n<li>niezb\u0119dne do poprawnego dzia\u0142ania witryny<\/li>\n<li>potrzebne do umo\u017cliwienia dzia\u0142ania funkcjonalno\u015bci witryny, jednak ich dzia\u0142anie nie ma nic wsp\u00f3lnego z \u015bledzeniem u\u017cytkownika<\/li>\n<\/ul>\n<p><strong>Badaj\u0105ce<\/strong>\u00a0wykorzystywane do \u015bledzenia u\u017cytkownik\u00f3w jednak nie obejmuj\u0105 informacji pozwalaj\u0105cych zidentyfikowa\u0107 danych konkretnego u\u017cytkownika<\/p>\n<h4>Czy pliki \u201ecookies\u201d zawieraj\u0105 dane osobowe<\/h4>\n<p>Dane osobowe gromadzone przy u\u017cyciu plik\u00f3w \u201ecookies\u201d mog\u0105 by\u0107 zbierane wy\u0142\u0105cznie w celu wykonywania okre\u015blonych funkcji na rzecz u\u017cytkownika. Takie dane s\u0105 zaszyfrowane w spos\u00f3b uniemo\u017cliwiaj\u0105cy dost\u0119p do nich osobom nieuprawnionym.<\/p>\n<h4>Usuwanie plik\u00f3w \u201ecookies\u201d<\/h4>\n<p>Standardowo oprogramowanie s\u0142u\u017c\u0105ce do przegl\u0105dania stron internetowych domy\u015blnie dopuszcza umieszczanie plik\u00f3w \u201ecookies\u201d na urz\u0105dzeniu ko\u0144cowym. Ustawienia te mog\u0105 zosta\u0107 zmienione w taki spos\u00f3b, aby blokowa\u0107 automatyczn\u0105 obs\u0142ug\u0119 plik\u00f3w \u201ecookies\u201d w ustawieniach przegl\u0105darki internetowej b\u0105d\u017a informowa\u0107 o nich ka\u017cdorazowym przes\u0142aniu na urz\u0105dzenie u\u017cytkownika. Szczeg\u00f3\u0142owe informacje o mo\u017cliwo\u015bci i sposobach obs\u0142ugi plik\u00f3w \u201ecookies\u201d dost\u0119pne s\u0105 w ustawieniach oprogramowania (przegl\u0105darki internetowej).<br \/>\nOgraniczenie stosowania plik\u00f3w \u201ecookies\u201d, mo\u017ce wp\u0142yn\u0105\u0107 na niekt\u00f3re funkcjonalno\u015bci dost\u0119pne na stronie internetowej.<\/p>\n<h4>Blokada plik\u00f3w \u201ecookies\u201d w popularnych przegl\u0105darkach<\/h4>\n<p><a href=\"http:\/\/support.microsoft.com\/kb\/196955\/pl\" rel=\"nofollow\">Internet Explorer<\/a><br \/>\n<a href=\"http:\/\/support.mozilla.org\/pl\/products\/firefox\/cookies\" rel=\"nofollow\">Mozilla Firefox<\/a><br \/>\n<a href=\"http:\/\/support.google.com\/chrome\/bin\/answer.py?hl=pl&amp;answer=95647%20rel=\">Chrome<\/a><br \/>\n<a href=\"http:\/\/help.opera.com\/Linux\/9.22\/pl\/cookies.html\" rel=\"nofollow\">Opera<\/a><\/p>\n","protected":false},"excerpt":{"rendered":"<p>Niniejsza Polityka dotyczy plik\u00f3w \u201ecookies\u201d i odnosi si\u0119 do strony internetowej pod aresem konko.pl Czym s\u0105 pliki \u201ecookie\u201d? Poprzez pliki \u201ecookies\u201d nale\u017cy rozumie\u0107 dane informatyczne, w szczeg\u00f3lno\u015bci pliki tekstowe, przechowywane&#8230;<\/p>\n","protected":false},"author":7,"featured_media":0,"parent":0,"menu_order":999,"comment_status":"closed","ping_status":"closed","template":"","meta":{"inline_featured_image":false,"footnotes":""},"class_list":["post-1108","page","type-page","status-publish","hentry"],"yoast_head":"<!-- This site is optimized with the Yoast SEO plugin v27.6 - https:\/\/yoast.com\/product\/yoast-seo-wordpress\/ -->\n<title>Polityka cookies - Konko S.A.<\/title>\n<meta name=\"robots\" content=\"noindex, nofollow\" \/>\n<meta property=\"og:locale\" content=\"ru_RU\" \/>\n<meta property=\"og:type\" content=\"article\" \/>\n<meta property=\"og:title\" content=\"Polityka cookies - Konko S.A.\" \/>\n<meta property=\"og:description\" content=\"Niniejsza Polityka dotyczy plik\u00f3w \u201ecookies\u201d i odnosi si\u0119 do strony internetowej pod aresem konko.pl Czym s\u0105 pliki \u201ecookie\u201d? Poprzez pliki \u201ecookies\u201d nale\u017cy rozumie\u0107 dane informatyczne, w szczeg\u00f3lno\u015bci pliki tekstowe, przechowywane...\" \/>\n<meta property=\"og:url\" content=\"https:\/\/konko.pl\/polityka-cookies\/\" \/>\n<meta property=\"og:site_name\" content=\"Konko S.A.\" \/>\n<meta property=\"article:modified_time\" content=\"2019-12-16T09:36:54+00:00\" \/>\n<meta name=\"twitter:card\" content=\"summary_large_image\" \/>\n<meta name=\"twitter:label1\" content=\"\u041f\u0440\u0438\u043c\u0435\u0440\u043d\u043e\u0435 \u0432\u0440\u0435\u043c\u044f \u0434\u043b\u044f \u0447\u0442\u0435\u043d\u0438\u044f\" \/>\n\t<meta name=\"twitter:data1\" content=\"6 \u043c\u0438\u043d\u0443\u0442\" \/>\n<script type=\"application\/ld+json\" class=\"yoast-schema-graph\">{\"@context\":\"https:\\\/\\\/schema.org\",\"@graph\":[{\"@type\":\"WebPage\",\"@id\":\"https:\\\/\\\/konko.pl\\\/polityka-cookies\\\/\",\"url\":\"https:\\\/\\\/konko.pl\\\/polityka-cookies\\\/\",\"name\":\"Polityka cookies - Konko S.A.\",\"isPartOf\":{\"@id\":\"https:\\\/\\\/konko.pl\\\/#website\"},\"datePublished\":\"2018-06-29T13:38:26+00:00\",\"dateModified\":\"2019-12-16T09:36:54+00:00\",\"breadcrumb\":{\"@id\":\"https:\\\/\\\/konko.pl\\\/polityka-cookies\\\/#breadcrumb\"},\"inLanguage\":\"ru-RU\",\"potentialAction\":[{\"@type\":\"ReadAction\",\"target\":[\"https:\\\/\\\/konko.pl\\\/polityka-cookies\\\/\"]}]},{\"@type\":\"BreadcrumbList\",\"@id\":\"https:\\\/\\\/konko.pl\\\/polityka-cookies\\\/#breadcrumb\",\"itemListElement\":[{\"@type\":\"ListItem\",\"position\":1,\"name\":\"Strona g\u0142\u00f3wna\",\"item\":\"https:\\\/\\\/konko.pl\\\/ru\\\/\"},{\"@type\":\"ListItem\",\"position\":2,\"name\":\"Polityka cookies\"}]},{\"@type\":\"WebSite\",\"@id\":\"https:\\\/\\\/konko.pl\\\/#website\",\"url\":\"https:\\\/\\\/konko.pl\\\/\",\"name\":\"Konko S.A.\",\"description\":\"Kompleksowe rozwi\u0105zania dla przemys\u0142u g\u00f3rniczego\",\"publisher\":{\"@id\":\"https:\\\/\\\/konko.pl\\\/#organization\"},\"potentialAction\":[{\"@type\":\"SearchAction\",\"target\":{\"@type\":\"EntryPoint\",\"urlTemplate\":\"https:\\\/\\\/konko.pl\\\/?s={search_term_string}\"},\"query-input\":{\"@type\":\"PropertyValueSpecification\",\"valueRequired\":true,\"valueName\":\"search_term_string\"}}],\"inLanguage\":\"ru-RU\"},{\"@type\":\"Organization\",\"@id\":\"https:\\\/\\\/konko.pl\\\/#organization\",\"name\":\"KONKO S.A.\",\"url\":\"https:\\\/\\\/konko.pl\\\/\",\"logo\":{\"@type\":\"ImageObject\",\"inLanguage\":\"ru-RU\",\"@id\":\"https:\\\/\\\/konko.pl\\\/#\\\/schema\\\/logo\\\/image\\\/\",\"url\":\"https:\\\/\\\/konko.pl\\\/konko\\\/wp-content\\\/uploads\\\/2018\\\/05\\\/logo.png\",\"contentUrl\":\"https:\\\/\\\/konko.pl\\\/konko\\\/wp-content\\\/uploads\\\/2018\\\/05\\\/logo.png\",\"width\":109,\"height\":101,\"caption\":\"KONKO S.A.\"},\"image\":{\"@id\":\"https:\\\/\\\/konko.pl\\\/#\\\/schema\\\/logo\\\/image\\\/\"}}]}<\/script>\n<!-- \/ Yoast SEO plugin. -->","yoast_head_json":{"title":"Polityka cookies - Konko S.A.","robots":{"index":"noindex","follow":"nofollow"},"og_locale":"ru_RU","og_type":"article","og_title":"Polityka cookies - Konko S.A.","og_description":"Niniejsza Polityka dotyczy plik\u00f3w \u201ecookies\u201d i odnosi si\u0119 do strony internetowej pod aresem konko.pl Czym s\u0105 pliki \u201ecookie\u201d? Poprzez pliki \u201ecookies\u201d nale\u017cy rozumie\u0107 dane informatyczne, w szczeg\u00f3lno\u015bci pliki tekstowe, przechowywane...","og_url":"https:\/\/konko.pl\/polityka-cookies\/","og_site_name":"Konko S.A.","article_modified_time":"2019-12-16T09:36:54+00:00","twitter_card":"summary_large_image","twitter_misc":{"\u041f\u0440\u0438\u043c\u0435\u0440\u043d\u043e\u0435 \u0432\u0440\u0435\u043c\u044f \u0434\u043b\u044f \u0447\u0442\u0435\u043d\u0438\u044f":"6 \u043c\u0438\u043d\u0443\u0442"},"schema":{"@context":"https:\/\/schema.org","@graph":[{"@type":"WebPage","@id":"https:\/\/konko.pl\/polityka-cookies\/","url":"https:\/\/konko.pl\/polityka-cookies\/","name":"Polityka cookies - Konko S.A.","isPartOf":{"@id":"https:\/\/konko.pl\/#website"},"datePublished":"2018-06-29T13:38:26+00:00","dateModified":"2019-12-16T09:36:54+00:00","breadcrumb":{"@id":"https:\/\/konko.pl\/polityka-cookies\/#breadcrumb"},"inLanguage":"ru-RU","potentialAction":[{"@type":"ReadAction","target":["https:\/\/konko.pl\/polityka-cookies\/"]}]},{"@type":"BreadcrumbList","@id":"https:\/\/konko.pl\/polityka-cookies\/#breadcrumb","itemListElement":[{"@type":"ListItem","position":1,"name":"Strona g\u0142\u00f3wna","item":"https:\/\/konko.pl\/ru\/"},{"@type":"ListItem","position":2,"name":"Polityka cookies"}]},{"@type":"WebSite","@id":"https:\/\/konko.pl\/#website","url":"https:\/\/konko.pl\/","name":"Konko S.A.","description":"Kompleksowe rozwi\u0105zania dla przemys\u0142u g\u00f3rniczego","publisher":{"@id":"https:\/\/konko.pl\/#organization"},"potentialAction":[{"@type":"SearchAction","target":{"@type":"EntryPoint","urlTemplate":"https:\/\/konko.pl\/?s={search_term_string}"},"query-input":{"@type":"PropertyValueSpecification","valueRequired":true,"valueName":"search_term_string"}}],"inLanguage":"ru-RU"},{"@type":"Organization","@id":"https:\/\/konko.pl\/#organization","name":"KONKO S.A.","url":"https:\/\/konko.pl\/","logo":{"@type":"ImageObject","inLanguage":"ru-RU","@id":"https:\/\/konko.pl\/#\/schema\/logo\/image\/","url":"https:\/\/konko.pl\/konko\/wp-content\/uploads\/2018\/05\/logo.png","contentUrl":"https:\/\/konko.pl\/konko\/wp-content\/uploads\/2018\/05\/logo.png","width":109,"height":101,"caption":"KONKO S.A."},"image":{"@id":"https:\/\/konko.pl\/#\/schema\/logo\/image\/"}}]}},"_links":{"self":[{"href":"https:\/\/konko.pl\/ru\/wp-json\/wp\/v2\/pages\/1108","targetHints":{"allow":["GET"]}}],"collection":[{"href":"https:\/\/konko.pl\/ru\/wp-json\/wp\/v2\/pages"}],"about":[{"href":"https:\/\/konko.pl\/ru\/wp-json\/wp\/v2\/types\/page"}],"author":[{"embeddable":true,"href":"https:\/\/konko.pl\/ru\/wp-json\/wp\/v2\/users\/7"}],"replies":[{"embeddable":true,"href":"https:\/\/konko.pl\/ru\/wp-json\/wp\/v2\/comments?post=1108"}],"version-history":[{"count":1,"href":"https:\/\/konko.pl\/ru\/wp-json\/wp\/v2\/pages\/1108\/revisions"}],"predecessor-version":[{"id":1111,"href":"https:\/\/konko.pl\/ru\/wp-json\/wp\/v2\/pages\/1108\/revisions\/1111"}],"wp:attachment":[{"href":"https:\/\/konko.pl\/ru\/wp-json\/wp\/v2\/media?parent=1108"}],"curies":[{"name":"wp","href":"https:\/\/api.w.org\/{rel}","templated":true}]}}