{"id":2343,"date":"2024-07-25T14:11:30","date_gmt":"2024-07-25T12:11:30","guid":{"rendered":"https:\/\/konko.pl\/konko\/oferta\/"},"modified":"2024-07-29T12:12:57","modified_gmt":"2024-07-29T10:12:57","slug":"oferta","status":"publish","type":"page","link":"https:\/\/konko.pl\/de\/oferta\/","title":{"rendered":"Angebot"},"content":{"rendered":"<p>[vc_row css_animation=&#8220;&#8220; row_type=&#8220;row&#8220; use_row_as_full_screen_section=&#8220;no&#8220; type=&#8220;full_width&#8220; angled_section=&#8220;no&#8220; text_align=&#8220;left&#8220; background_image_as_pattern=&#8220;without_pattern&#8220;][vc_column]\n\t\t\t<!-- START pageangebot REVOLUTION SLIDER 6.6.10 --><p class=\"rs-p-wp-fix\"><\/p>\n\t\t\t<rs-module-wrap id=\"rev_slider_24_1_wrapper\" data-source=\"gallery\" style=\"visibility:hidden;background:transparent;padding:0;margin:0px auto;margin-top:0;margin-bottom:0;\">\n\t\t\t\t<rs-module id=\"rev_slider_24_1\" style=\"\" data-version=\"6.6.10\">\n\t\t\t\t\t<rs-slides style=\"overflow: hidden; position: absolute;\">\n\t\t\t\t\t\t<rs-slide style=\"position: absolute;\" data-key=\"rs-45\" data-title=\"Slide\" data-anim=\"adpr:false;\" data-in=\"o:0;\" data-out=\"a:false;\">\n\t\t\t\t\t\t\t<img decoding=\"async\" src=\"\/\/konko.pl\/wp-content\/plugins\/revslider\/public\/assets\/assets\/dummy.png\" alt=\"\" title=\"Angebot\" class=\"rev-slidebg tp-rs-img rs-lazyload\" data-lazyload=\"\/\/konko.pl\/konko\/wp-content\/uploads\/2018\/06\/slider-oferta.jpg\" data-no-retina>\n<!--\n\t\t\t\t\t\t\t--><rs-layer\n\t\t\t\t\t\t\t\tid=\"slider-24-slide-45-layer-1\" \n\t\t\t\t\t\t\t\tdata-type=\"text\"\n\t\t\t\t\t\t\t\tdata-rsp_ch=\"on\"\n\t\t\t\t\t\t\t\tdata-xy=\"xo:50px;y:m;\"\n\t\t\t\t\t\t\t\tdata-text=\"s:80;l:80;fw:500;a:inherit;\"\n\t\t\t\t\t\t\t\tdata-padding=\"t:4;r:25;b:10;l:25;\"\n\t\t\t\t\t\t\t\tdata-frame_0=\"o:1;\"\n\t\t\t\t\t\t\t\tdata-frame_0_sfx=\"se:blocktoright;\"\n\t\t\t\t\t\t\t\tdata-frame_1=\"e:power4.inOut;sp:2000;sR:10;\"\n\t\t\t\t\t\t\t\tdata-frame_1_sfx=\"se:blocktoright;\"\n\t\t\t\t\t\t\t\tdata-frame_999=\"o:0;st:w;sR:6990;\"\n\t\t\t\t\t\t\t\tstyle=\"z-index:5;background-color:#df0513;font-family:'Oswald';\"\n\t\t\t\t\t\t\t>Angebot \n\t\t\t\t\t\t\t<\/rs-layer><!--\n-->\t\t\t\t\t\t<\/rs-slide>\n\t\t\t\t\t<\/rs-slides>\n\t\t\t\t<\/rs-module>\n\t\t\t\t<script>\n\t\t\t\t\tsetREVStartSize({c: 'rev_slider_24_1',rl:[1240,1024,778,778],el:[300,300,300,300],gw:[1240,1024,778,778],gh:[300,300,300,300],type:'standard',justify:'',layout:'fullwidth',mh:\"0\"});if (window.RS_MODULES!==undefined && window.RS_MODULES.modules!==undefined && window.RS_MODULES.modules[\"revslider241\"]!==undefined) {window.RS_MODULES.modules[\"revslider241\"].once = false;window.revapi24 = undefined;if (window.RS_MODULES.checkMinimal!==undefined) window.RS_MODULES.checkMinimal()}\n\t\t\t\t<\/script>\n\t\t\t<\/rs-module-wrap>\n\t\t\t<!-- END REVOLUTION SLIDER -->\n[\/vc_column][\/vc_row][vc_row css_animation=&#8220;&#8220; row_type=&#8220;row&#8220; use_row_as_full_screen_section=&#8220;no&#8220; type=&#8220;grid&#8220; angled_section=&#8220;no&#8220; text_align=&#8220;left&#8220; background_image_as_pattern=&#8220;without_pattern&#8220; el_class=&#8220;padding-lg&#8220; z_index=&#8220;&#8220; el_id=&#8220;gornictwo&#8220;][vc_column width=&#8220;1\/2&#8243;][vc_column_text]<\/p>\n<h2>Tiefbergbau<\/h2>\n<p>[\/vc_column_text][vc_empty_space height=&#8220;30&#8243;][vc_column_text]<\/p>\n<ul>\n<li>Fertigung der Bauteile des Schildausbaus nach Kundendokumentation<\/li>\n<li>Kompletter Schildausbau<\/li>\n<li>Entwurf und Modernisierung von Streckenf\u00f6rderern<\/li>\n<li>Entwurf und Modernisierung von Strebf\u00f6rderern<\/li>\n<li>Reparaturen des Schildbaus, der TSM Streb &#8211; und Streckenf\u00f6rderer Reparaturen von Teilschnittmaschinen<\/li>\n<li>Komponenten\u00a0von\u00a0Transportsystemen\u00a0\u2013\u00a0H\u00e4ngebahnen<\/li>\n<li>F\u00f6rderbandkomponenten<\/li>\n<li>Zerkleinerungsmaschinen<\/li>\n<li>Regeneration\u00a0von\u00a0Bergbauschlauchleitungen<\/li>\n<\/ul>\n<ul>\n<li style=\"list-style-type: none;\"><\/li>\n<\/ul>\n<p>[\/vc_column_text][vc_empty_space height=&#8220;15&#8243;][\/vc_column][vc_column width=&#8220;1\/2&#8243;][vc_single_image image=&#8220;593&#8243; img_size=&#8220;full&#8220; qode_css_animation=&#8220;&#8220;][\/vc_column][\/vc_row][vc_row css_animation=&#8220;&#8220; row_type=&#8220;row&#8220; use_row_as_full_screen_section=&#8220;no&#8220; type=&#8220;grid&#8220; angled_section=&#8220;no&#8220; text_align=&#8220;left&#8220; background_image_as_pattern=&#8220;without_pattern&#8220; el_class=&#8220;padding-lg background-gray-light&#8220; z_index=&#8220;&#8220; el_id=&#8220;regeneracja&#8220;][vc_column][vc_column_text]<\/p>\n<h2><strong>Regenerierung von Kabeln<\/strong><\/h2>\n<p>[\/vc_column_text][vc_empty_space height=&#8220;30&#8243;][vc_column_text]Die Kabelregenerationswerkstatt besch\u00e4ftigt 8 Mitarbeiter und repariert 1 bis 1,5 km Kabel pro Monat. Die durchschnittlichen Regenerationskosten betragen max. 20 % des Kaufpreises eines neuen Kabels. Der Reparaturprozess umfasst technologisch komplexe T\u00e4tigkeiten, daher legen wir bei der Durchf\u00fchrung von Reparaturarbeiten gr\u00f6\u00dften Wert auf die volle Zufriedenheit der Servicekunden, was durch die von den einzelnen Bergwerken erhaltenen Referenzen belegt wird. Im Laufe des 18-j\u00e4hrigen Bestehens der Werkstatt wurde die Methode zum Anschlie\u00dfen von Kabeln verbessert, was eine nahezu 100-prozentige Rekonstruktion der Fabrikstruktur unter Verwendung der oben genannten Stumpfschwei\u00dftechnologie und Methoden zur Reproduktion der Werksdrehung der Arbeit erm\u00f6glicht und Steuerleitungen. Mit dieser Reparaturmethode k\u00f6nnen Sie eine \u00fcberm\u00e4\u00dfige Verdickung des Drahtquerschnitts vermeiden und die Festigkeit und Flexibilit\u00e4t an der Verbindungsstelle erh\u00f6hen. Ein wichtiger Schritt bei der Kabelreparatur ist die Ortung des Schadens und die abschlie\u00dfenden Tests. Die Werkstatt verwendet eine Reihe von Ger\u00e4ten mit einem Sto\u00dfgenerator und einem sehr hocheffizienten HAGENUK-Nachbrenner, ein 40-kV-Gleichstrom-Kenotron von PHENIX und mehrere andere Ger\u00e4te wie eine Br\u00fccke, ein Isolationswiderstandsmessger\u00e4t und ein sehr n\u00fctzliches Ger\u00e4t zur Diagnose des Zustands einer Drahtisolierung namens EASYFLEX.[\/vc_column_text][vc_empty_space height=&#8220;30&#8243;][vc_row_inner row_type=&#8220;row&#8220; type=&#8220;full_width&#8220; text_align=&#8220;left&#8220; css_animation=&#8220;&#8220;][vc_column_inner width=&#8220;1\/3&#8243;][vc_single_image image=&#8220;456&#8243; img_size=&#8220;full&#8220; qode_css_animation=&#8220;&#8220;][\/vc_column_inner][vc_column_inner width=&#8220;1\/3&#8243;][vc_single_image image=&#8220;454&#8243; img_size=&#8220;full&#8220; qode_css_animation=&#8220;&#8220;][\/vc_column_inner][vc_column_inner width=&#8220;1\/3&#8243;][vc_single_image image=&#8220;590&#8243; img_size=&#8220;full&#8220; qode_css_animation=&#8220;&#8220;][\/vc_column_inner][\/vc_row_inner][\/vc_column][\/vc_row][vc_row css_animation=&#8220;&#8220; row_type=&#8220;row&#8220; use_row_as_full_screen_section=&#8220;no&#8220; type=&#8220;grid&#8220; angled_section=&#8220;no&#8220; text_align=&#8220;left&#8220; background_image_as_pattern=&#8220;without_pattern&#8220; el_class=&#8220;padding-lg&#8220; z_index=&#8220;&#8220; el_id=&#8220;konstrukcje&#8220;][vc_column width=&#8220;1\/2&#8243;][vc_column_text]<\/p>\n<h2><strong>Stahlkonstruktionen<\/strong><\/h2>\n<p>[\/vc_column_text][vc_empty_space height=&#8220;30&#8243;][vc_column_text]<\/p>\n<ul>\n<li>Komponenten von Maschinen zum Spritzbetonieren von Stra\u00dfentunneln<\/li>\n<li>Bohranlagenkomponenten zum Bohren von Stra\u00dfentunneln.<\/li>\n<li>Komponenten f\u00fcr Lader und Stapler, Waggonkipper f\u00fcr den Tagebau.<\/li>\n<li>Konstruktionen von Industriehallen.<\/li>\n<\/ul>\n<p>[\/vc_column_text][vc_empty_space height=&#8220;15&#8243;][\/vc_column][vc_column width=&#8220;1\/2&#8243;][vc_single_image image=&#8220;592&#8243; img_size=&#8220;full&#8220; qode_css_animation=&#8220;&#8220;][\/vc_column][\/vc_row]<\/p>\n","protected":false},"excerpt":{"rendered":"<p>[vc_row css_animation=&#8220;&#8220; row_type=&#8220;row&#8220; use_row_as_full_screen_section=&#8220;no&#8220; type=&#8220;full_width&#8220; angled_section=&#8220;no&#8220; text_align=&#8220;left&#8220; background_image_as_pattern=&#8220;without_pattern&#8220;][vc_column][\/vc_column][\/vc_row][vc_row css_animation=&#8220;&#8220; row_type=&#8220;row&#8220; use_row_as_full_screen_section=&#8220;no&#8220; type=&#8220;grid&#8220; angled_section=&#8220;no&#8220; text_align=&#8220;left&#8220; background_image_as_pattern=&#8220;without_pattern&#8220; el_class=&#8220;padding-lg&#8220; z_index=&#8220;&#8220; el_id=&#8220;gornictwo&#8220;][vc_column width=&#8220;1\/2&#8243;][vc_column_text] Tiefbergbau [\/vc_column_text][vc_empty_space height=&#8220;30&#8243;][vc_column_text] Fertigung der Bauteile des Schildausbaus nach Kundendokumentation Kompletter&#8230;<\/p>\n","protected":false},"author":7,"featured_media":0,"parent":0,"menu_order":2,"comment_status":"closed","ping_status":"closed","template":"full_width.php","meta":{"inline_featured_image":false,"footnotes":""},"class_list":["post-2343","page","type-page","status-publish","hentry"],"yoast_head":"<!-- This site is optimized with the Yoast SEO plugin v27.5 - https:\/\/yoast.com\/product\/yoast-seo-wordpress\/ -->\n<title>Oferta - g\u00f3rnictwo, regeneracja przewod\u00f3w, konstrukcje - Konko S.A.<\/title>\n<meta name=\"description\" content=\"Podzespo\u0142y i kompletne sekcje obudowy \u015bcianowej, projektowanie i modernizacja przeno\u015bnik\u00f3w \u015bcianowych, remonty kombajn\u00f3w chodnikowych, regeneracja kabli oponowych. Regeneracja przewod\u00f3w. Konstrukcje stalowe - podzespo\u0142y maszyn do torkretowania, wiertnic, podzespo\u0142y \u0142adowarko \u2013 zwa\u0142owarek. Konstrukcje hal przemys\u0142owych.\" \/>\n<meta name=\"robots\" content=\"index, follow, max-snippet:-1, max-image-preview:large, max-video-preview:-1\" \/>\n<link rel=\"canonical\" href=\"https:\/\/konko.pl\/oferta\/\" \/>\n<meta property=\"og:locale\" content=\"de_DE\" \/>\n<meta property=\"og:type\" content=\"article\" \/>\n<meta property=\"og:title\" content=\"Oferta - g\u00f3rnictwo, regeneracja przewod\u00f3w, konstrukcje - Konko S.A.\" \/>\n<meta property=\"og:description\" content=\"Podzespo\u0142y i kompletne sekcje obudowy \u015bcianowej, projektowanie i modernizacja przeno\u015bnik\u00f3w \u015bcianowych, remonty kombajn\u00f3w chodnikowych, regeneracja kabli oponowych. Regeneracja przewod\u00f3w. Konstrukcje stalowe - podzespo\u0142y maszyn do torkretowania, wiertnic, podzespo\u0142y \u0142adowarko \u2013 zwa\u0142owarek. Konstrukcje hal przemys\u0142owych.\" \/>\n<meta property=\"og:url\" content=\"https:\/\/konko.pl\/oferta\/\" \/>\n<meta property=\"og:site_name\" content=\"Konko S.A.\" \/>\n<meta property=\"article:modified_time\" content=\"2024-07-29T10:12:57+00:00\" \/>\n<meta name=\"twitter:card\" content=\"summary_large_image\" \/>\n<meta name=\"twitter:label1\" content=\"Gesch\u00e4tzte Lesezeit\" \/>\n\t<meta name=\"twitter:data1\" content=\"2\u00a0Minuten\" \/>\n<script type=\"application\/ld+json\" class=\"yoast-schema-graph\">{\"@context\":\"https:\\\/\\\/schema.org\",\"@graph\":[{\"@type\":\"WebPage\",\"@id\":\"https:\\\/\\\/konko.pl\\\/oferta\\\/\",\"url\":\"https:\\\/\\\/konko.pl\\\/oferta\\\/\",\"name\":\"Oferta - g\u00f3rnictwo, regeneracja przewod\u00f3w, konstrukcje - Konko S.A.\",\"isPartOf\":{\"@id\":\"https:\\\/\\\/konko.pl\\\/#website\"},\"datePublished\":\"2024-07-25T12:11:30+00:00\",\"dateModified\":\"2024-07-29T10:12:57+00:00\",\"description\":\"Podzespo\u0142y i kompletne sekcje obudowy \u015bcianowej, projektowanie i modernizacja przeno\u015bnik\u00f3w \u015bcianowych, remonty kombajn\u00f3w chodnikowych, regeneracja kabli oponowych. Regeneracja przewod\u00f3w. Konstrukcje stalowe - podzespo\u0142y maszyn do torkretowania, wiertnic, podzespo\u0142y \u0142adowarko \u2013 zwa\u0142owarek. Konstrukcje hal przemys\u0142owych.\",\"breadcrumb\":{\"@id\":\"https:\\\/\\\/konko.pl\\\/oferta\\\/#breadcrumb\"},\"inLanguage\":\"de\",\"potentialAction\":[{\"@type\":\"ReadAction\",\"target\":[\"https:\\\/\\\/konko.pl\\\/oferta\\\/\"]}]},{\"@type\":\"BreadcrumbList\",\"@id\":\"https:\\\/\\\/konko.pl\\\/oferta\\\/#breadcrumb\",\"itemListElement\":[{\"@type\":\"ListItem\",\"position\":1,\"name\":\"Strona g\u0142\u00f3wna\",\"item\":\"https:\\\/\\\/konko.pl\\\/de\\\/\"},{\"@type\":\"ListItem\",\"position\":2,\"name\":\"Angebot\"}]},{\"@type\":\"WebSite\",\"@id\":\"https:\\\/\\\/konko.pl\\\/#website\",\"url\":\"https:\\\/\\\/konko.pl\\\/\",\"name\":\"Konko S.A.\",\"description\":\"Kompleksowe rozwi\u0105zania dla przemys\u0142u g\u00f3rniczego\",\"publisher\":{\"@id\":\"https:\\\/\\\/konko.pl\\\/#organization\"},\"potentialAction\":[{\"@type\":\"SearchAction\",\"target\":{\"@type\":\"EntryPoint\",\"urlTemplate\":\"https:\\\/\\\/konko.pl\\\/?s={search_term_string}\"},\"query-input\":{\"@type\":\"PropertyValueSpecification\",\"valueRequired\":true,\"valueName\":\"search_term_string\"}}],\"inLanguage\":\"de\"},{\"@type\":\"Organization\",\"@id\":\"https:\\\/\\\/konko.pl\\\/#organization\",\"name\":\"KONKO S.A.\",\"url\":\"https:\\\/\\\/konko.pl\\\/\",\"logo\":{\"@type\":\"ImageObject\",\"inLanguage\":\"de\",\"@id\":\"https:\\\/\\\/konko.pl\\\/#\\\/schema\\\/logo\\\/image\\\/\",\"url\":\"https:\\\/\\\/konko.pl\\\/konko\\\/wp-content\\\/uploads\\\/2018\\\/05\\\/logo.png\",\"contentUrl\":\"https:\\\/\\\/konko.pl\\\/konko\\\/wp-content\\\/uploads\\\/2018\\\/05\\\/logo.png\",\"width\":109,\"height\":101,\"caption\":\"KONKO S.A.\"},\"image\":{\"@id\":\"https:\\\/\\\/konko.pl\\\/#\\\/schema\\\/logo\\\/image\\\/\"}}]}<\/script>\n<!-- \/ Yoast SEO plugin. -->","yoast_head_json":{"title":"Oferta - g\u00f3rnictwo, regeneracja przewod\u00f3w, konstrukcje - Konko S.A.","description":"Podzespo\u0142y i kompletne sekcje obudowy \u015bcianowej, projektowanie i modernizacja przeno\u015bnik\u00f3w \u015bcianowych, remonty kombajn\u00f3w chodnikowych, regeneracja kabli oponowych. Regeneracja przewod\u00f3w. Konstrukcje stalowe - podzespo\u0142y maszyn do torkretowania, wiertnic, podzespo\u0142y \u0142adowarko \u2013 zwa\u0142owarek. Konstrukcje hal przemys\u0142owych.","robots":{"index":"index","follow":"follow","max-snippet":"max-snippet:-1","max-image-preview":"max-image-preview:large","max-video-preview":"max-video-preview:-1"},"canonical":"https:\/\/konko.pl\/oferta\/","og_locale":"de_DE","og_type":"article","og_title":"Oferta - g\u00f3rnictwo, regeneracja przewod\u00f3w, konstrukcje - Konko S.A.","og_description":"Podzespo\u0142y i kompletne sekcje obudowy \u015bcianowej, projektowanie i modernizacja przeno\u015bnik\u00f3w \u015bcianowych, remonty kombajn\u00f3w chodnikowych, regeneracja kabli oponowych. Regeneracja przewod\u00f3w. Konstrukcje stalowe - podzespo\u0142y maszyn do torkretowania, wiertnic, podzespo\u0142y \u0142adowarko \u2013 zwa\u0142owarek. Konstrukcje hal przemys\u0142owych.","og_url":"https:\/\/konko.pl\/oferta\/","og_site_name":"Konko S.A.","article_modified_time":"2024-07-29T10:12:57+00:00","twitter_card":"summary_large_image","twitter_misc":{"Gesch\u00e4tzte Lesezeit":"2\u00a0Minuten"},"schema":{"@context":"https:\/\/schema.org","@graph":[{"@type":"WebPage","@id":"https:\/\/konko.pl\/oferta\/","url":"https:\/\/konko.pl\/oferta\/","name":"Oferta - g\u00f3rnictwo, regeneracja przewod\u00f3w, konstrukcje - Konko S.A.","isPartOf":{"@id":"https:\/\/konko.pl\/#website"},"datePublished":"2024-07-25T12:11:30+00:00","dateModified":"2024-07-29T10:12:57+00:00","description":"Podzespo\u0142y i kompletne sekcje obudowy \u015bcianowej, projektowanie i modernizacja przeno\u015bnik\u00f3w \u015bcianowych, remonty kombajn\u00f3w chodnikowych, regeneracja kabli oponowych. Regeneracja przewod\u00f3w. Konstrukcje stalowe - podzespo\u0142y maszyn do torkretowania, wiertnic, podzespo\u0142y \u0142adowarko \u2013 zwa\u0142owarek. Konstrukcje hal przemys\u0142owych.","breadcrumb":{"@id":"https:\/\/konko.pl\/oferta\/#breadcrumb"},"inLanguage":"de","potentialAction":[{"@type":"ReadAction","target":["https:\/\/konko.pl\/oferta\/"]}]},{"@type":"BreadcrumbList","@id":"https:\/\/konko.pl\/oferta\/#breadcrumb","itemListElement":[{"@type":"ListItem","position":1,"name":"Strona g\u0142\u00f3wna","item":"https:\/\/konko.pl\/de\/"},{"@type":"ListItem","position":2,"name":"Angebot"}]},{"@type":"WebSite","@id":"https:\/\/konko.pl\/#website","url":"https:\/\/konko.pl\/","name":"Konko S.A.","description":"Kompleksowe rozwi\u0105zania dla przemys\u0142u g\u00f3rniczego","publisher":{"@id":"https:\/\/konko.pl\/#organization"},"potentialAction":[{"@type":"SearchAction","target":{"@type":"EntryPoint","urlTemplate":"https:\/\/konko.pl\/?s={search_term_string}"},"query-input":{"@type":"PropertyValueSpecification","valueRequired":true,"valueName":"search_term_string"}}],"inLanguage":"de"},{"@type":"Organization","@id":"https:\/\/konko.pl\/#organization","name":"KONKO S.A.","url":"https:\/\/konko.pl\/","logo":{"@type":"ImageObject","inLanguage":"de","@id":"https:\/\/konko.pl\/#\/schema\/logo\/image\/","url":"https:\/\/konko.pl\/konko\/wp-content\/uploads\/2018\/05\/logo.png","contentUrl":"https:\/\/konko.pl\/konko\/wp-content\/uploads\/2018\/05\/logo.png","width":109,"height":101,"caption":"KONKO S.A."},"image":{"@id":"https:\/\/konko.pl\/#\/schema\/logo\/image\/"}}]}},"_links":{"self":[{"href":"https:\/\/konko.pl\/de\/wp-json\/wp\/v2\/pages\/2343","targetHints":{"allow":["GET"]}}],"collection":[{"href":"https:\/\/konko.pl\/de\/wp-json\/wp\/v2\/pages"}],"about":[{"href":"https:\/\/konko.pl\/de\/wp-json\/wp\/v2\/types\/page"}],"author":[{"embeddable":true,"href":"https:\/\/konko.pl\/de\/wp-json\/wp\/v2\/users\/7"}],"replies":[{"embeddable":true,"href":"https:\/\/konko.pl\/de\/wp-json\/wp\/v2\/comments?post=2343"}],"version-history":[{"count":5,"href":"https:\/\/konko.pl\/de\/wp-json\/wp\/v2\/pages\/2343\/revisions"}],"predecessor-version":[{"id":2374,"href":"https:\/\/konko.pl\/de\/wp-json\/wp\/v2\/pages\/2343\/revisions\/2374"}],"wp:attachment":[{"href":"https:\/\/konko.pl\/de\/wp-json\/wp\/v2\/media?parent=2343"}],"curies":[{"name":"wp","href":"https:\/\/api.w.org\/{rel}","templated":true}]}}