{"id":2336,"date":"2018-05-21T14:11:31","date_gmt":"2018-05-21T12:11:31","guid":{"rendered":"https:\/\/konko.pl\/konko\/kontakt-2\/"},"modified":"2025-01-10T13:26:26","modified_gmt":"2025-01-10T12:26:26","slug":"kontakt-2","status":"publish","type":"page","link":"https:\/\/konko.pl\/de\/kontakt-2\/","title":{"rendered":"Kontakt"},"content":{"rendered":"<p>[vc_row css_animation=&#8220;&#8220; row_type=&#8220;row&#8220; use_row_as_full_screen_section=&#8220;no&#8220; type=&#8220;full_width&#8220; angled_section=&#8220;no&#8220; text_align=&#8220;left&#8220; background_image_as_pattern=&#8220;without_pattern&#8220;][vc_column]\n\t\t\t<!-- START pagekontakt REVOLUTION SLIDER 6.6.10 --><p class=\"rs-p-wp-fix\"><\/p>\n\t\t\t<rs-module-wrap id=\"rev_slider_4_1_wrapper\" data-source=\"gallery\" style=\"visibility:hidden;background:transparent;padding:0;margin:0px auto;margin-top:0;margin-bottom:0;\">\n\t\t\t\t<rs-module id=\"rev_slider_4_1\" style=\"\" data-version=\"6.6.10\">\n\t\t\t\t\t<rs-slides style=\"overflow: hidden; position: absolute;\">\n\t\t\t\t\t\t<rs-slide style=\"position: absolute;\" data-key=\"rs-4\" data-title=\"Slide\" data-anim=\"adpr:false;\">\n\t\t\t\t\t\t\t<img decoding=\"async\" src=\"\/\/konko.pl\/wp-content\/plugins\/revslider\/public\/assets\/assets\/dummy.png\" alt=\"\" title=\"Kontakt\" class=\"rev-slidebg tp-rs-img rs-lazyload\" data-lazyload=\"\/\/konko.pl\/konko\/wp-content\/uploads\/2018\/05\/page-konakt.jpg\" data-no-retina>\n<!--\n\t\t\t\t\t\t\t--><rs-layer\n\t\t\t\t\t\t\t\tid=\"slider-4-slide-4-layer-1\" \n\t\t\t\t\t\t\t\tdata-type=\"text\"\n\t\t\t\t\t\t\t\tdata-rsp_ch=\"on\"\n\t\t\t\t\t\t\t\tdata-xy=\"xo:50px;y:m;\"\n\t\t\t\t\t\t\t\tdata-text=\"s:80;l:80;fw:500;a:inherit;\"\n\t\t\t\t\t\t\t\tdata-padding=\"t:4;r:25;b:10;l:25;\"\n\t\t\t\t\t\t\t\tdata-frame_0=\"o:1;tp:600;\"\n\t\t\t\t\t\t\t\tdata-frame_0_sfx=\"se:blocktoright;\"\n\t\t\t\t\t\t\t\tdata-frame_1=\"tp:600;e:power4.inOut;sp:2000;sR:10;\"\n\t\t\t\t\t\t\t\tdata-frame_1_sfx=\"se:blocktoright;\"\n\t\t\t\t\t\t\t\tdata-frame_999=\"o:0;tp:600;st:w;sR:6990;\"\n\t\t\t\t\t\t\t\tstyle=\"z-index:5;background-color:#df0513;font-family:'Oswald';\"\n\t\t\t\t\t\t\t>Kontakt \n\t\t\t\t\t\t\t<\/rs-layer><!--\n-->\t\t\t\t\t\t<\/rs-slide>\n\t\t\t\t\t<\/rs-slides>\n\t\t\t\t<\/rs-module>\n\t\t\t\t<script>\n\t\t\t\t\tsetREVStartSize({c: 'rev_slider_4_1',rl:[1240,1024,778,778],el:[],gw:[1240,1024,778,778],gh:[300,300,300,300],type:'standard',justify:'',layout:'fullwidth',mh:\"0\"});if (window.RS_MODULES!==undefined && window.RS_MODULES.modules!==undefined && window.RS_MODULES.modules[\"revslider41\"]!==undefined) {window.RS_MODULES.modules[\"revslider41\"].once = false;window.revapi4 = undefined;if (window.RS_MODULES.checkMinimal!==undefined) window.RS_MODULES.checkMinimal()}\n\t\t\t\t<\/script>\n\t\t\t<\/rs-module-wrap>\n\t\t\t<!-- END REVOLUTION SLIDER -->\n[\/vc_column][\/vc_row][vc_row css_animation=&#8220;&#8220; row_type=&#8220;row&#8220; use_row_as_full_screen_section=&#8220;no&#8220; type=&#8220;grid&#8220; angled_section=&#8220;no&#8220; text_align=&#8220;left&#8220; background_image_as_pattern=&#8220;without_pattern&#8220; z_index=&#8220;&#8220; el_class=&#8220;section-kontakt-page padding-lg&#8220;][vc_column width=&#8220;1\/2&#8243;][vc_column_text]<\/p>\n<h4 style=\"text-align: center;\">HAUPTSITZ DES UNTERNEHMENS<\/h4>\n<p style=\"text-align: center;\"><img loading=\"lazy\" decoding=\"async\" class=\"alignnone size-full wp-image-159\" src=\"https:\/\/konko.pl\/konko\/wp-content\/uploads\/2018\/05\/kontakt-adres.png\" alt=\"\" width=\"66\" height=\"80\" \/><\/p>\n<p style=\"text-align: center;\">Konko S.A.<br \/>\nul. Fabryczna 6<br \/>\n41-404 Mys\u0142owice<\/p>\n<p style=\"text-align: center;\">GPS: <a href=\"https:\/\/www.google.pl\/maps\/place\/50%C2%B011'43.2%22N+19%C2%B009'02.0%22E\/@50.1954521,19.1505542,247m\/data=!3m1!1e3!4m5!3m4!1s0x0:0x0!8m2!3d50.1953369!4d19.150559\">50.1953369, 19.150559<\/a><\/p>\n<p style=\"text-align: center;\">NIP: 222 086 84 11<br \/>\nKRS: 0000461339<br \/>\nREGON: 241278540<\/p>\n<p>[\/vc_column_text][\/vc_column][vc_column width=&#8220;1\/2&#8243;][vc_column_text]<\/p>\n<h4 style=\"text-align: center;\">KONTAKT<\/h4>\n<p style=\"text-align: center;\"><img loading=\"lazy\" decoding=\"async\" class=\"alignnone size-full wp-image-160\" src=\"https:\/\/konko.pl\/konko\/wp-content\/uploads\/2018\/05\/kontakt-tel.png\" alt=\"\" width=\"81\" height=\"80\" \/><\/p>\n<p style=\"text-align: center;\">TEL. &#8211; (32)\u00a031 70 550<br \/>\nFAX &#8211;\u00a0(32) 31 70 551<br \/>\nE-MAIL &#8211; <a href=\"mailto:konko@konko.pl\">konko@konko.pl<\/a><\/p>\n<p>[\/vc_column_text][\/vc_column][\/vc_row][vc_row css_animation=&#8220;&#8220; row_type=&#8220;row&#8220; use_row_as_full_screen_section=&#8220;no&#8220; type=&#8220;full_width&#8220; angled_section=&#8220;no&#8220; text_align=&#8220;left&#8220; background_image_as_pattern=&#8220;without_pattern&#8220; el_class=&#8220;section-kontakt&#8220; z_index=&#8220;&#8220;][vc_column width=&#8220;1\/2&#8243; el_class=&#8220;box-map&#8220; offset=&#8220;vc_col-md-4&#8243;][vc_raw_html]JTNDaWZyYW1lJTIwc3JjJTNEJTIyaHR0cHMlM0ElMkYlMkZ3d3cuZ29vZ2xlLmNvbSUyRm1hcHMlMkZlbWJlZCUzRnBiJTNEJTIxMW0xOCUyMTFtMTIlMjExbTMlMjExZDI1NTQuMTQxNDI3MjgwNTQwNSUyMTJkMTkuMTUwNjMxMTE1OTUxNjk3JTIxM2Q1MC4xOTU4ODczMTM1NTUxMyUyMTJtMyUyMTFmMCUyMTJmMCUyMTNmMCUyMTNtMiUyMTFpMTAyNCUyMTJpNzY4JTIxNGYxMy4xJTIxM20zJTIxMW0yJTIxMXMweDQ3MTZjNDQwM2IzOWVhYmYlMjUzQTB4NzE3Y2Q3MjQxN2M0YjUzYiUyMTJzS29ua28lMjUyME15cyUyNUM1JTI1ODJvd2ljZSUyMTVlMCUyMTNtMiUyMTFzcGwlMjEyc3BsJTIxNHYxNjI5NzEzNDIxMjE5JTIxNW0yJTIxMXNwbCUyMTJzcGwlMjIlMjBzdHlsZSUzRCUyMmJvcmRlciUzQTAlM0IlMjB3aWR0aCUzQSUyMDEwMCUyNSUzQiUyMGhlaWdodCUzQSUyMDYwNnB4JTNCJTIyJTIwYWxsb3dmdWxsc2NyZWVuJTNEJTIyJTIyJTIwbG9hZGluZyUzRCUyMmxhenklMjIlM0UlM0MlMkZpZnJhbWUlM0U=[\/vc_raw_html][\/vc_column][vc_column width=&#8220;1\/2&#8243; el_class=&#8220;box-kontakt box-form&#8220; css=&#8220;.vc_custom_1528966813660{background-color: #df0513 !important;}&#8220; offset=&#8220;vc_col-md-4&#8243;]\n<div class=\"wpcf7 no-js\" id=\"wpcf7-f5-o1\" lang=\"pl-PL\" dir=\"ltr\" data-wpcf7-id=\"5\">\n<div class=\"screen-reader-response\"><p role=\"status\" aria-live=\"polite\" aria-atomic=\"true\"><\/p> <ul><\/ul><\/div>\n<form action=\"\/de\/wp-json\/wp\/v2\/pages\/2336#wpcf7-f5-o1\" method=\"post\" class=\"wpcf7-form init default\" aria-label=\"Formularz kontaktowy\" enctype=\"multipart\/form-data\" novalidate=\"novalidate\" data-status=\"init\">\n<fieldset class=\"hidden-fields-container\"><input type=\"hidden\" name=\"_wpcf7\" value=\"5\" \/><input type=\"hidden\" name=\"_wpcf7_version\" value=\"6.1.5\" \/><input type=\"hidden\" name=\"_wpcf7_locale\" value=\"pl_PL\" \/><input type=\"hidden\" name=\"_wpcf7_unit_tag\" value=\"wpcf7-f5-o1\" \/><input type=\"hidden\" name=\"_wpcf7_container_post\" value=\"0\" \/><input type=\"hidden\" name=\"_wpcf7_posted_data_hash\" value=\"\" \/>\n<\/fieldset>\n<p><label> Imi\u0119 i nazwisko<br \/>\n<span class=\"wpcf7-form-control-wrap\" data-name=\"your-name\"><input size=\"40\" maxlength=\"400\" class=\"wpcf7-form-control wpcf7-text wpcf7-validates-as-required\" aria-required=\"true\" aria-invalid=\"false\" value=\"\" type=\"text\" name=\"your-name\" \/><\/span> <\/label><br \/>\n<label> Adres email<br \/>\n<span class=\"wpcf7-form-control-wrap\" data-name=\"your-email\"><input size=\"40\" maxlength=\"400\" class=\"wpcf7-form-control wpcf7-email wpcf7-validates-as-required wpcf7-text wpcf7-validates-as-email\" aria-required=\"true\" aria-invalid=\"false\" value=\"\" type=\"email\" name=\"your-email\" \/><\/span> <\/label><br \/>\n<label> Tre\u015b\u0107 wiadomo\u015bci<br \/>\n<span class=\"wpcf7-form-control-wrap\" data-name=\"your-message\"><textarea cols=\"40\" rows=\"10\" maxlength=\"2000\" class=\"wpcf7-form-control wpcf7-textarea\" aria-invalid=\"false\" name=\"your-message\"><\/textarea><\/span> <\/label><br \/>\n<label> Za\u0142\u0105cznik - jpg png pdf doc xdoc odt txt - max. 20mb<br \/>\n<span class=\"wpcf7-form-control-wrap\" data-name=\"file-418\"><input size=\"40\" class=\"wpcf7-form-control wpcf7-file\" accept=\".jpg,.png,.pdf,.jpeg,.doc,.xdoc,.odt,.txt\" aria-invalid=\"false\" type=\"file\" name=\"file-418\" \/><\/span> <\/label>\n<\/p>\n<div class=\"text-right\">\n\t<p><input class=\"wpcf7-form-control wpcf7-submit has-spinner\" type=\"submit\" value=\"Wy\u015blij\" \/>\n\t<\/p>\n<\/div><div class=\"wpcf7-response-output\" aria-hidden=\"true\"><\/div>\n<\/form>\n<\/div>\n[\/vc_column][vc_column width=&#8220;1\/3&#8243; offset=&#8220;vc_hidden-sm vc_hidden-xs&#8220;][vc_row_inner row_type=&#8220;row&#8220; type=&#8220;full_width&#8220; text_align=&#8220;left&#8220; css_animation=&#8220;&#8220; el_class=&#8220;box-image&#8220; css=&#8220;.vc_custom_1527687241954{background: #edeeee url(https:\/\/konko.pl\/konko\/wp-content\/uploads\/2018\/05\/mapa.jpg?id=211) !important;background-position: center !important;background-repeat: no-repeat !important;background-size: contain !important;}&#8220;][vc_column_inner][\/vc_column_inner][\/vc_row_inner][\/vc_column][\/vc_row][vc_row css_animation=&#8220;&#8220; row_type=&#8220;row&#8220; use_row_as_full_screen_section=&#8220;no&#8220; type=&#8220;grid&#8220; angled_section=&#8220;no&#8220; text_align=&#8220;left&#8220; background_image_as_pattern=&#8220;without_pattern&#8220; el_class=&#8220;padding-md section-kontakt-ludzie&#8220; z_index=&#8220;&#8220;][vc_column][vc_row_inner row_type=&#8220;row&#8220; type=&#8220;full_width&#8220; text_align=&#8220;center&#8220; css_animation=&#8220;&#8220;][vc_column_inner el_class=&#8220;border-none&#8220; width=&#8220;1\/2&#8243;][vc_column_text]<\/p>\n<h4 style=\"text-align: center;\">Pr\u00e4sident des Verwaltungsrats<\/h4>\n<p style=\"text-align: center;\"><strong>Mateusz Bik<\/strong><\/p>\n<p style=\"text-align: center;\">tel: (32) 317 05 50<br \/>\n<a href=\"mailto:mateusz.bik@konko.pl\">mateusz.bik@konko.pl<\/a><\/p>\n<p>[\/vc_column_text][\/vc_column_inner][vc_column_inner width=&#8220;1\/2&#8243;][vc_column_text]<\/p>\n<h4 style=\"text-align: center;\">Gesch\u00e4ftsf\u00fchrender Vizepr\u00e4sident<\/h4>\n<p style=\"text-align: center;\"><strong>Jacek Kudela<\/strong><\/p>\n<p style=\"text-align: center;\">tel: (32) 317 05 50<br \/>\n<a href=\"mailto:jacek.kudela@konko.pl\">jacek.kudela@konko.pl<\/a><\/p>\n<p>[\/vc_column_text][\/vc_column_inner][\/vc_row_inner][vc_row_inner row_type=&#8220;row&#8220; type=&#8220;full_width&#8220; text_align=&#8220;left&#8220; css_animation=&#8220;&#8220;][vc_column_inner width=&#8220;1\/4&#8243;][vc_column_text]<\/p>\n<h5>Direktor der Produktionsabteilung<\/h5>\n<p><strong>Bogdan Jasi\u0144ski<\/strong><\/p>\n<p>tel: (32) 317 05 40<br \/>\nkom: 502 651 415<br \/>\n<a href=\"mailto:bogdan.jasinski@konko.pl\">bogdan.jasinski@konko.pl<\/a>[\/vc_column_text][\/vc_column_inner][vc_column_inner width=&#8220;1\/4&#8243;][vc_column_text]<\/p>\n<h5>Leiter der Produktionsabteilung<\/h5>\n<p><strong>Piotr Nowak<\/strong><\/p>\n<p>tel: (32) 317 05 82<br \/>\nkom: 515 095 672<br \/>\n<a href=\"mailto:piotr.nowak@konko.pl\">piotr.nowak@konko.pl<\/a>[\/vc_column_text][\/vc_column_inner][vc_column_inner width=&#8220;1\/4&#8243;][vc_column_text]<\/p>\n<h5>Hauptkonstrukteur<\/h5>\n<p><strong>Adam \u015acierski<\/strong><\/p>\n<p>tel: (32) 317 05 56<br \/>\nkom: 885 467 071<br \/>\n<a href=\"mailto:adam.scierski@konko.pl\">adam.scierski@konko.pl<\/a>[\/vc_column_text][\/vc_column_inner][vc_column_inner width=&#8220;1\/4&#8243;][vc_column_text]<\/p>\n<h5>Leiter der Qualit\u00e4tskontrolle<\/h5>\n<p><strong>Rafa\u0142 Nowak<\/strong><\/p>\n<p>tel: (32) 317 05 84<br \/>\nkom: 885 899 826<br \/>\n<a href=\"mailto:rafal.nowak@konko.pl\">rafal.nowak@konko.pl<\/a>[\/vc_column_text][\/vc_column_inner][\/vc_row_inner][vc_row_inner row_type=&#8220;row&#8220; type=&#8220;full_width&#8220; text_align=&#8220;left&#8220; css_animation=&#8220;&#8220;][vc_column_inner width=&#8220;1\/4&#8243;][vc_column_text]<\/p>\n<h5 style=\"text-align: left;\">Direktor der Handelsabteilung<\/h5>\n<p style=\"text-align: left;\"><strong>Grzegorz G\u0119bski<\/strong><\/p>\n<p style=\"text-align: left;\">kom: 608 584 722<br \/>\n<a href=\"mailto:grzegorz.gebski@konko.pl\">grzegorz.gebski@konko.pl<\/a><\/p>\n<p>[\/vc_column_text][\/vc_column_inner][vc_column_inner width=&#8220;1\/4&#8243;][vc_column_text]<\/p>\n<h5>Direktor f\u00fcr Berechnung und Implementierung<\/h5>\n<p><strong>Zbigniew Malik<\/strong><\/p>\n<p>tel: (32) 317 05 70<br \/>\nkom: 512 278 966<br \/>\n<a href=\"mailto:zbigniew.malik@konko.pl\">zbigniew.malik@konko.pl<\/a>[\/vc_column_text][\/vc_column_inner][vc_column_inner width=&#8220;1\/4&#8243;][vc_column_text]<\/p>\n<h5>Direktor der Exportabteilung<\/h5>\n<p><strong>Grzegorz \u017bak<\/strong><\/p>\n<p>tel: (32) 317 05 71<br \/>\nkom: 663 356 112<br \/>\n<a href=\"mailto:grzegorz.zak@konko.pl\">grzegorz.zak@konko.pl<\/a>[\/vc_column_text][\/vc_column_inner][vc_column_inner width=&#8220;1\/4&#8243;][vc_column_text]<\/p>\n<h5 style=\"text-align: left;\">Handelsvertreter<\/h5>\n<p style=\"text-align: left;\"><strong>Tomasz Adamowski<\/strong><\/p>\n<p style=\"text-align: left;\">kom: 605 569 680<br \/>\n<a href=\"mailto:tomasz.adamowski@konko.pl\">tomasz.adamowski@konko.pl<\/a><\/p>\n<p>[\/vc_column_text][\/vc_column_inner][\/vc_row_inner][vc_row_inner row_type=&#8220;row&#8220; type=&#8220;full_width&#8220; text_align=&#8220;left&#8220; css_animation=&#8220;&#8220;][vc_column_inner width=&#8220;1\/4&#8243;][vc_column_text]<\/p>\n<h5 style=\"text-align: left;\">Hauptschwei\u00dfer<\/h5>\n<p style=\"text-align: left;\"><strong>S\u0142awomir Pawlica<\/strong><\/p>\n<p style=\"text-align: left;\">kom: 506 132 887<br \/>\n<a href=\"mailto:slawomir.pawlica@konko.pl\">slawomir.pawlica@konko.pl<\/a><\/p>\n<p>[\/vc_column_text][\/vc_column_inner][vc_column_inner width=&#8220;1\/4&#8243;][vc_column_text]<\/p>\n<h5>Leiter der Materiallogistikabteilung<\/h5>\n<p><strong>Joanna Weissmann<\/strong><\/p>\n<p>tel: (32) 317 05 65<br \/>\nkom: 515 095 671<br \/>\n<a href=\"mailto:joanna.weissmann@konko.pl\">joanna.weissmann@konko.pl<\/a>[\/vc_column_text][\/vc_column_inner][\/vc_row_inner][\/vc_column][\/vc_row]<\/p>\n","protected":false},"excerpt":{"rendered":"<p>[vc_row css_animation=&#8220;&#8220; row_type=&#8220;row&#8220; use_row_as_full_screen_section=&#8220;no&#8220; type=&#8220;full_width&#8220; angled_section=&#8220;no&#8220; text_align=&#8220;left&#8220; background_image_as_pattern=&#8220;without_pattern&#8220;][vc_column][\/vc_column][\/vc_row][vc_row css_animation=&#8220;&#8220; row_type=&#8220;row&#8220; use_row_as_full_screen_section=&#8220;no&#8220; type=&#8220;grid&#8220; angled_section=&#8220;no&#8220; text_align=&#8220;left&#8220; background_image_as_pattern=&#8220;without_pattern&#8220; z_index=&#8220;&#8220; el_class=&#8220;section-kontakt-page padding-lg&#8220;][vc_column width=&#8220;1\/2&#8243;][vc_column_text] HAUPTSITZ DES UNTERNEHMENS Konko S.A. ul. Fabryczna 6 41-404 Mys\u0142owice GPS:&#8230;<\/p>\n","protected":false},"author":7,"featured_media":0,"parent":0,"menu_order":7,"comment_status":"closed","ping_status":"closed","template":"full_width.php","meta":{"inline_featured_image":false,"footnotes":""},"class_list":["post-2336","page","type-page","status-publish","hentry"],"yoast_head":"<!-- This site is optimized with the Yoast SEO plugin v27.5 - https:\/\/yoast.com\/product\/yoast-seo-wordpress\/ -->\n<title>Kontakt - Konko S.A.<\/title>\n<meta name=\"description\" content=\"Zapraszamy do kontaktu. TEL \u2013 (32) 31 70 550, FAX \u2013 (32) 31 70 551, EMAIL \u2013 konko@konko.pl, ADRES: ul. Fabryczna 6, 41-404 Mys\u0142owice\" \/>\n<meta name=\"robots\" content=\"index, follow, max-snippet:-1, max-image-preview:large, max-video-preview:-1\" \/>\n<link rel=\"canonical\" href=\"https:\/\/konko.pl\/de\/kontakt-2\/\" \/>\n<meta property=\"og:locale\" content=\"de_DE\" \/>\n<meta property=\"og:type\" content=\"article\" \/>\n<meta property=\"og:title\" content=\"Kontakt - Konko S.A.\" \/>\n<meta property=\"og:description\" content=\"Zapraszamy do kontaktu. TEL \u2013 (32) 31 70 550, FAX \u2013 (32) 31 70 551, EMAIL \u2013 konko@konko.pl, ADRES: ul. Fabryczna 6, 41-404 Mys\u0142owice\" \/>\n<meta property=\"og:url\" content=\"https:\/\/konko.pl\/de\/kontakt-2\/\" \/>\n<meta property=\"og:site_name\" content=\"Konko S.A.\" \/>\n<meta property=\"article:modified_time\" content=\"2025-01-10T12:26:26+00:00\" \/>\n<meta property=\"og:image\" content=\"https:\/\/konko.pl\/konko\/wp-content\/uploads\/2018\/05\/kontakt-adres.png\" \/>\n<meta name=\"twitter:card\" content=\"summary_large_image\" \/>\n<meta name=\"twitter:label1\" content=\"Gesch\u00e4tzte Lesezeit\" \/>\n\t<meta name=\"twitter:data1\" content=\"3\u00a0Minuten\" \/>\n<script type=\"application\/ld+json\" class=\"yoast-schema-graph\">{\"@context\":\"https:\\\/\\\/schema.org\",\"@graph\":[{\"@type\":\"WebPage\",\"@id\":\"https:\\\/\\\/konko.pl\\\/de\\\/kontakt-2\\\/\",\"url\":\"https:\\\/\\\/konko.pl\\\/de\\\/kontakt-2\\\/\",\"name\":\"Kontakt - Konko S.A.\",\"isPartOf\":{\"@id\":\"https:\\\/\\\/konko.pl\\\/#website\"},\"primaryImageOfPage\":{\"@id\":\"https:\\\/\\\/konko.pl\\\/de\\\/kontakt-2\\\/#primaryimage\"},\"image\":{\"@id\":\"https:\\\/\\\/konko.pl\\\/de\\\/kontakt-2\\\/#primaryimage\"},\"thumbnailUrl\":\"https:\\\/\\\/konko.pl\\\/konko\\\/wp-content\\\/uploads\\\/2018\\\/05\\\/kontakt-adres.png\",\"datePublished\":\"2018-05-21T12:11:31+00:00\",\"dateModified\":\"2025-01-10T12:26:26+00:00\",\"description\":\"Zapraszamy do kontaktu. TEL \u2013 (32) 31 70 550, FAX \u2013 (32) 31 70 551, EMAIL \u2013 konko@konko.pl, ADRES: ul. Fabryczna 6, 41-404 Mys\u0142owice\",\"breadcrumb\":{\"@id\":\"https:\\\/\\\/konko.pl\\\/de\\\/kontakt-2\\\/#breadcrumb\"},\"inLanguage\":\"de\",\"potentialAction\":[{\"@type\":\"ReadAction\",\"target\":[\"https:\\\/\\\/konko.pl\\\/de\\\/kontakt-2\\\/\"]}]},{\"@type\":\"ImageObject\",\"inLanguage\":\"de\",\"@id\":\"https:\\\/\\\/konko.pl\\\/de\\\/kontakt-2\\\/#primaryimage\",\"url\":\"https:\\\/\\\/konko.pl\\\/konko\\\/wp-content\\\/uploads\\\/2018\\\/05\\\/kontakt-adres.png\",\"contentUrl\":\"https:\\\/\\\/konko.pl\\\/konko\\\/wp-content\\\/uploads\\\/2018\\\/05\\\/kontakt-adres.png\"},{\"@type\":\"BreadcrumbList\",\"@id\":\"https:\\\/\\\/konko.pl\\\/de\\\/kontakt-2\\\/#breadcrumb\",\"itemListElement\":[{\"@type\":\"ListItem\",\"position\":1,\"name\":\"Strona g\u0142\u00f3wna\",\"item\":\"https:\\\/\\\/konko.pl\\\/de\\\/\"},{\"@type\":\"ListItem\",\"position\":2,\"name\":\"Kontakt\"}]},{\"@type\":\"WebSite\",\"@id\":\"https:\\\/\\\/konko.pl\\\/#website\",\"url\":\"https:\\\/\\\/konko.pl\\\/\",\"name\":\"Konko S.A.\",\"description\":\"Kompleksowe rozwi\u0105zania dla przemys\u0142u g\u00f3rniczego\",\"publisher\":{\"@id\":\"https:\\\/\\\/konko.pl\\\/#organization\"},\"potentialAction\":[{\"@type\":\"SearchAction\",\"target\":{\"@type\":\"EntryPoint\",\"urlTemplate\":\"https:\\\/\\\/konko.pl\\\/?s={search_term_string}\"},\"query-input\":{\"@type\":\"PropertyValueSpecification\",\"valueRequired\":true,\"valueName\":\"search_term_string\"}}],\"inLanguage\":\"de\"},{\"@type\":\"Organization\",\"@id\":\"https:\\\/\\\/konko.pl\\\/#organization\",\"name\":\"KONKO S.A.\",\"url\":\"https:\\\/\\\/konko.pl\\\/\",\"logo\":{\"@type\":\"ImageObject\",\"inLanguage\":\"de\",\"@id\":\"https:\\\/\\\/konko.pl\\\/#\\\/schema\\\/logo\\\/image\\\/\",\"url\":\"https:\\\/\\\/konko.pl\\\/konko\\\/wp-content\\\/uploads\\\/2018\\\/05\\\/logo.png\",\"contentUrl\":\"https:\\\/\\\/konko.pl\\\/konko\\\/wp-content\\\/uploads\\\/2018\\\/05\\\/logo.png\",\"width\":109,\"height\":101,\"caption\":\"KONKO S.A.\"},\"image\":{\"@id\":\"https:\\\/\\\/konko.pl\\\/#\\\/schema\\\/logo\\\/image\\\/\"}}]}<\/script>\n<!-- \/ Yoast SEO plugin. -->","yoast_head_json":{"title":"Kontakt - Konko S.A.","description":"Zapraszamy do kontaktu. TEL \u2013 (32) 31 70 550, FAX \u2013 (32) 31 70 551, EMAIL \u2013 konko@konko.pl, ADRES: ul. Fabryczna 6, 41-404 Mys\u0142owice","robots":{"index":"index","follow":"follow","max-snippet":"max-snippet:-1","max-image-preview":"max-image-preview:large","max-video-preview":"max-video-preview:-1"},"canonical":"https:\/\/konko.pl\/de\/kontakt-2\/","og_locale":"de_DE","og_type":"article","og_title":"Kontakt - Konko S.A.","og_description":"Zapraszamy do kontaktu. TEL \u2013 (32) 31 70 550, FAX \u2013 (32) 31 70 551, EMAIL \u2013 konko@konko.pl, ADRES: ul. Fabryczna 6, 41-404 Mys\u0142owice","og_url":"https:\/\/konko.pl\/de\/kontakt-2\/","og_site_name":"Konko S.A.","article_modified_time":"2025-01-10T12:26:26+00:00","og_image":[{"url":"https:\/\/konko.pl\/konko\/wp-content\/uploads\/2018\/05\/kontakt-adres.png","type":"","width":"","height":""}],"twitter_card":"summary_large_image","twitter_misc":{"Gesch\u00e4tzte Lesezeit":"3\u00a0Minuten"},"schema":{"@context":"https:\/\/schema.org","@graph":[{"@type":"WebPage","@id":"https:\/\/konko.pl\/de\/kontakt-2\/","url":"https:\/\/konko.pl\/de\/kontakt-2\/","name":"Kontakt - Konko S.A.","isPartOf":{"@id":"https:\/\/konko.pl\/#website"},"primaryImageOfPage":{"@id":"https:\/\/konko.pl\/de\/kontakt-2\/#primaryimage"},"image":{"@id":"https:\/\/konko.pl\/de\/kontakt-2\/#primaryimage"},"thumbnailUrl":"https:\/\/konko.pl\/konko\/wp-content\/uploads\/2018\/05\/kontakt-adres.png","datePublished":"2018-05-21T12:11:31+00:00","dateModified":"2025-01-10T12:26:26+00:00","description":"Zapraszamy do kontaktu. TEL \u2013 (32) 31 70 550, FAX \u2013 (32) 31 70 551, EMAIL \u2013 konko@konko.pl, ADRES: ul. Fabryczna 6, 41-404 Mys\u0142owice","breadcrumb":{"@id":"https:\/\/konko.pl\/de\/kontakt-2\/#breadcrumb"},"inLanguage":"de","potentialAction":[{"@type":"ReadAction","target":["https:\/\/konko.pl\/de\/kontakt-2\/"]}]},{"@type":"ImageObject","inLanguage":"de","@id":"https:\/\/konko.pl\/de\/kontakt-2\/#primaryimage","url":"https:\/\/konko.pl\/konko\/wp-content\/uploads\/2018\/05\/kontakt-adres.png","contentUrl":"https:\/\/konko.pl\/konko\/wp-content\/uploads\/2018\/05\/kontakt-adres.png"},{"@type":"BreadcrumbList","@id":"https:\/\/konko.pl\/de\/kontakt-2\/#breadcrumb","itemListElement":[{"@type":"ListItem","position":1,"name":"Strona g\u0142\u00f3wna","item":"https:\/\/konko.pl\/de\/"},{"@type":"ListItem","position":2,"name":"Kontakt"}]},{"@type":"WebSite","@id":"https:\/\/konko.pl\/#website","url":"https:\/\/konko.pl\/","name":"Konko S.A.","description":"Kompleksowe rozwi\u0105zania dla przemys\u0142u g\u00f3rniczego","publisher":{"@id":"https:\/\/konko.pl\/#organization"},"potentialAction":[{"@type":"SearchAction","target":{"@type":"EntryPoint","urlTemplate":"https:\/\/konko.pl\/?s={search_term_string}"},"query-input":{"@type":"PropertyValueSpecification","valueRequired":true,"valueName":"search_term_string"}}],"inLanguage":"de"},{"@type":"Organization","@id":"https:\/\/konko.pl\/#organization","name":"KONKO S.A.","url":"https:\/\/konko.pl\/","logo":{"@type":"ImageObject","inLanguage":"de","@id":"https:\/\/konko.pl\/#\/schema\/logo\/image\/","url":"https:\/\/konko.pl\/konko\/wp-content\/uploads\/2018\/05\/logo.png","contentUrl":"https:\/\/konko.pl\/konko\/wp-content\/uploads\/2018\/05\/logo.png","width":109,"height":101,"caption":"KONKO S.A."},"image":{"@id":"https:\/\/konko.pl\/#\/schema\/logo\/image\/"}}]}},"_links":{"self":[{"href":"https:\/\/konko.pl\/de\/wp-json\/wp\/v2\/pages\/2336","targetHints":{"allow":["GET"]}}],"collection":[{"href":"https:\/\/konko.pl\/de\/wp-json\/wp\/v2\/pages"}],"about":[{"href":"https:\/\/konko.pl\/de\/wp-json\/wp\/v2\/types\/page"}],"author":[{"embeddable":true,"href":"https:\/\/konko.pl\/de\/wp-json\/wp\/v2\/users\/7"}],"replies":[{"embeddable":true,"href":"https:\/\/konko.pl\/de\/wp-json\/wp\/v2\/comments?post=2336"}],"version-history":[{"count":15,"href":"https:\/\/konko.pl\/de\/wp-json\/wp\/v2\/pages\/2336\/revisions"}],"predecessor-version":[{"id":2657,"href":"https:\/\/konko.pl\/de\/wp-json\/wp\/v2\/pages\/2336\/revisions\/2657"}],"wp:attachment":[{"href":"https:\/\/konko.pl\/de\/wp-json\/wp\/v2\/media?parent=2336"}],"curies":[{"name":"wp","href":"https:\/\/api.w.org\/{rel}","templated":true}]}}